{"id":2251,"date":"2022-10-25T10:29:24","date_gmt":"2022-10-25T08:29:24","guid":{"rendered":"https:\/\/the-campus.online\/?page_id=2251"},"modified":"2024-03-06T18:15:33","modified_gmt":"2024-03-06T17:15:33","slug":"esteban-granero-22-23","status":"publish","type":"page","link":"https:\/\/the-campus.online\/en\/esteban-granero-22-23\/","title":{"rendered":"Esteban Granero"},"content":{"rendered":"<div data-elementor-type=\"wp-page\" data-elementor-id=\"2251\" class=\"elementor elementor-2251\" data-elementor-post-type=\"page\">\n\t\t\t\t\t\t<section class=\"elementor-section elementor-top-section elementor-element elementor-element-0d7585d elementor-section-boxed elementor-section-height-default elementor-section-height-default\" data-id=\"0d7585d\" data-element_type=\"section\" data-e-type=\"section\" data-settings=\"{&quot;background_background&quot;:&quot;classic&quot;}\">\n\t\t\t\t\t\t<div class=\"elementor-container elementor-column-gap-default\">\n\t\t\t\t\t<div class=\"elementor-column elementor-col-100 elementor-top-column elementor-element elementor-element-809111d\" data-id=\"809111d\" data-element_type=\"column\" data-e-type=\"column\">\n\t\t\t<div class=\"elementor-widget-wrap\">\n\t\t\t\t\t\t\t<\/div>\n\t\t<\/div>\n\t\t\t\t\t<\/div>\n\t\t<\/section>\n\t\t\t\t<section class=\"elementor-section elementor-top-section elementor-element elementor-element-92c17c2 elementor-section-full_width elementor-section-height-default elementor-section-height-default\" data-id=\"92c17c2\" data-element_type=\"section\" data-e-type=\"section\">\n\t\t\t\t\t\t<div class=\"elementor-container elementor-column-gap-default\">\n\t\t\t\t\t<div class=\"elementor-column elementor-col-100 elementor-top-column elementor-element elementor-element-e4c08c5\" data-id=\"e4c08c5\" data-element_type=\"column\" data-e-type=\"column\">\n\t\t\t<div class=\"elementor-widget-wrap elementor-element-populated\">\n\t\t\t\t\t\t<section class=\"elementor-section elementor-inner-section elementor-element elementor-element-c33fcd6 elementor-section-full_width elementor-section-height-default elementor-section-height-default\" data-id=\"c33fcd6\" data-element_type=\"section\" data-e-type=\"section\">\n\t\t\t\t\t\t<div class=\"elementor-container elementor-column-gap-default\">\n\t\t\t\t\t<div class=\"elementor-column elementor-col-33 elementor-inner-column elementor-element elementor-element-641f408\" data-id=\"641f408\" data-element_type=\"column\" data-e-type=\"column\">\n\t\t\t<div class=\"elementor-widget-wrap elementor-element-populated\">\n\t\t\t\t\t\t<div class=\"elementor-element elementor-element-2f38fb1 elementor-widget elementor-widget-text-editor\" data-id=\"2f38fb1\" data-element_type=\"widget\" data-e-type=\"widget\" data-widget_type=\"text-editor.default\">\n\t\t\t\t<div class=\"elementor-widget-container\">\n\t\t\t\t\t\t\t\t\t<p><span style=\"color: #2a564a;\"><a style=\"color: #2a564a;\" href=\"https:\/\/the-campus.online\/en\/jornadas-meeting-your-future-22-23\/\"><strong>Meeting Your Future<\/strong><\/a><\/span><\/p>\t\t\t\t\t\t\t\t<\/div>\n\t\t\t\t<\/div>\n\t\t\t\t\t<\/div>\n\t\t<\/div>\n\t\t\t\t<div class=\"elementor-column elementor-col-33 elementor-inner-column elementor-element elementor-element-8150759\" data-id=\"8150759\" data-element_type=\"column\" data-e-type=\"column\">\n\t\t\t<div class=\"elementor-widget-wrap\">\n\t\t\t\t\t\t\t<\/div>\n\t\t<\/div>\n\t\t\t\t<div class=\"elementor-column elementor-col-33 elementor-inner-column elementor-element elementor-element-5441bdf\" data-id=\"5441bdf\" data-element_type=\"column\" data-e-type=\"column\">\n\t\t\t<div class=\"elementor-widget-wrap\">\n\t\t\t\t\t\t\t<\/div>\n\t\t<\/div>\n\t\t\t\t\t<\/div>\n\t\t<\/section>\n\t\t\t\t\t<\/div>\n\t\t<\/div>\n\t\t\t\t\t<\/div>\n\t\t<\/section>\n\t\t\t\t<section class=\"elementor-section elementor-top-section elementor-element elementor-element-d0d94bb elementor-section-boxed elementor-section-height-default elementor-section-height-default\" data-id=\"d0d94bb\" data-element_type=\"section\" data-e-type=\"section\" data-settings=\"{&quot;background_background&quot;:&quot;classic&quot;}\">\n\t\t\t\t\t\t<div class=\"elementor-container elementor-column-gap-default\">\n\t\t\t\t\t<div class=\"elementor-column elementor-col-100 elementor-top-column elementor-element elementor-element-cbd70f2\" data-id=\"cbd70f2\" data-element_type=\"column\" data-e-type=\"column\">\n\t\t\t<div class=\"elementor-widget-wrap elementor-element-populated\">\n\t\t\t\t\t\t<section class=\"elementor-section elementor-inner-section elementor-element elementor-element-731f16d elementor-section-boxed elementor-section-height-default elementor-section-height-default\" data-id=\"731f16d\" data-element_type=\"section\" data-e-type=\"section\">\n\t\t\t\t\t\t<div class=\"elementor-container elementor-column-gap-default\">\n\t\t\t\t\t<div class=\"elementor-column elementor-col-100 elementor-inner-column elementor-element elementor-element-52950bd\" data-id=\"52950bd\" data-element_type=\"column\" data-e-type=\"column\">\n\t\t\t<div class=\"elementor-widget-wrap elementor-element-populated\">\n\t\t\t\t\t\t<div class=\"elementor-element elementor-element-01cec84 elementor-widget elementor-widget-heading\" data-id=\"01cec84\" data-element_type=\"widget\" data-e-type=\"widget\" data-widget_type=\"heading.default\">\n\t\t\t\t<div class=\"elementor-widget-container\">\n\t\t\t\t\t<h4 class=\"elementor-heading-title elementor-size-medium\">Jornadas Meeting Your Future<br><\/h4>\t\t\t\t<\/div>\n\t\t\t\t<\/div>\n\t\t\t\t\t<\/div>\n\t\t<\/div>\n\t\t\t\t\t<\/div>\n\t\t<\/section>\n\t\t\t\t<div class=\"elementor-element elementor-element-d0f946b elementor-widget-divider--view-line elementor-widget elementor-widget-divider\" data-id=\"d0f946b\" data-element_type=\"widget\" data-e-type=\"widget\" data-widget_type=\"divider.default\">\n\t\t\t\t<div class=\"elementor-widget-container\">\n\t\t\t\t\t\t\t<div class=\"elementor-divider\">\n\t\t\t<span class=\"elementor-divider-separator\">\n\t\t\t\t\t\t<\/span>\n\t\t<\/div>\n\t\t\t\t\t\t<\/div>\n\t\t\t\t<\/div>\n\t\t\t\t<section class=\"elementor-section elementor-inner-section elementor-element elementor-element-123b88a elementor-section-boxed elementor-section-height-default elementor-section-height-default\" data-id=\"123b88a\" data-element_type=\"section\" data-e-type=\"section\">\n\t\t\t\t\t\t<div class=\"elementor-container elementor-column-gap-default\">\n\t\t\t\t\t<div class=\"elementor-column elementor-col-100 elementor-inner-column elementor-element elementor-element-efbb585\" data-id=\"efbb585\" data-element_type=\"column\" data-e-type=\"column\">\n\t\t\t<div class=\"elementor-widget-wrap elementor-element-populated\">\n\t\t\t\t\t\t<div class=\"elementor-element elementor-element-d7129a5 elementor-widget elementor-widget-text-editor\" data-id=\"d7129a5\" data-element_type=\"widget\" data-e-type=\"widget\" data-widget_type=\"text-editor.default\">\n\t\t\t\t<div class=\"elementor-widget-container\">\n\t\t\t\t\t\t\t\t\t<h1><strong>Invitado: Esteban Granero<\/strong><\/h1><p>Viernes 28 Octubre 2022<\/p>\t\t\t\t\t\t\t\t<\/div>\n\t\t\t\t<\/div>\n\t\t\t\t\t<\/div>\n\t\t<\/div>\n\t\t\t\t\t<\/div>\n\t\t<\/section>\n\t\t\t\t\t<\/div>\n\t\t<\/div>\n\t\t\t\t\t<\/div>\n\t\t<\/section>\n\t\t\t\t<section class=\"elementor-section elementor-top-section elementor-element elementor-element-3127b14 elementor-section-content-middle elementor-section-boxed elementor-section-height-default elementor-section-height-default\" data-id=\"3127b14\" data-element_type=\"section\" data-e-type=\"section\">\n\t\t\t\t\t\t<div class=\"elementor-container elementor-column-gap-default\">\n\t\t\t\t\t<div class=\"elementor-column elementor-col-50 elementor-top-column elementor-element elementor-element-8883ab1\" data-id=\"8883ab1\" data-element_type=\"column\" data-e-type=\"column\">\n\t\t\t<div class=\"elementor-widget-wrap elementor-element-populated\">\n\t\t\t\t\t\t<div class=\"elementor-element elementor-element-33aeb31 elementor-widget elementor-widget-image\" data-id=\"33aeb31\" data-element_type=\"widget\" data-e-type=\"widget\" data-widget_type=\"image.default\">\n\t\t\t\t<div class=\"elementor-widget-container\">\n\t\t\t\t\t\t\t\t\t\t\t\t\t\t\t<img fetchpriority=\"high\" decoding=\"async\" width=\"400\" height=\"156\" src=\"https:\/\/the-campus.online\/wp-content\/uploads\/2021\/04\/Logo-AIS_fondo-verde.png\" class=\"attachment-full size-full wp-image-478\" alt=\"\" srcset=\"https:\/\/the-campus.online\/wp-content\/uploads\/2021\/04\/Logo-AIS_fondo-verde.png 400w, https:\/\/the-campus.online\/wp-content\/uploads\/2021\/04\/Logo-AIS_fondo-verde-300x117.png 300w\" sizes=\"(max-width: 400px) 100vw, 400px\" \/>\t\t\t\t\t\t\t\t\t\t\t\t\t\t\t<\/div>\n\t\t\t\t<\/div>\n\t\t\t\t\t<\/div>\n\t\t<\/div>\n\t\t\t\t<div class=\"elementor-column elementor-col-50 elementor-top-column elementor-element elementor-element-3235e51\" data-id=\"3235e51\" data-element_type=\"column\" data-e-type=\"column\">\n\t\t\t<div class=\"elementor-widget-wrap elementor-element-populated\">\n\t\t\t\t\t\t<div class=\"elementor-element elementor-element-4b41ce9 elementor-widget elementor-widget-image\" data-id=\"4b41ce9\" data-element_type=\"widget\" data-e-type=\"widget\" data-widget_type=\"image.default\">\n\t\t\t\t<div class=\"elementor-widget-container\">\n\t\t\t\t\t\t\t\t\t\t\t\t\t\t\t<img decoding=\"async\" width=\"400\" height=\"154\" src=\"https:\/\/the-campus.online\/wp-content\/uploads\/2021\/04\/Logo-ABC.png\" class=\"attachment-full size-full wp-image-477\" alt=\"\" srcset=\"https:\/\/the-campus.online\/wp-content\/uploads\/2021\/04\/Logo-ABC.png 400w, https:\/\/the-campus.online\/wp-content\/uploads\/2021\/04\/Logo-ABC-300x116.png 300w\" sizes=\"(max-width: 400px) 100vw, 400px\" \/>\t\t\t\t\t\t\t\t\t\t\t\t\t\t\t<\/div>\n\t\t\t\t<\/div>\n\t\t\t\t\t<\/div>\n\t\t<\/div>\n\t\t\t\t\t<\/div>\n\t\t<\/section>\n\t\t\t\t<section class=\"elementor-section elementor-top-section elementor-element elementor-element-88a102c elementor-section-boxed elementor-section-height-default elementor-section-height-default\" data-id=\"88a102c\" data-element_type=\"section\" data-e-type=\"section\">\n\t\t\t\t\t\t<div class=\"elementor-container elementor-column-gap-default\">\n\t\t\t\t\t<div class=\"elementor-column elementor-col-100 elementor-top-column elementor-element elementor-element-9418ef0\" data-id=\"9418ef0\" data-element_type=\"column\" data-e-type=\"column\">\n\t\t\t<div class=\"elementor-widget-wrap elementor-element-populated\">\n\t\t\t\t\t\t<div class=\"elementor-element elementor-element-5535240 elementor-widget elementor-widget-text-editor\" data-id=\"5535240\" data-element_type=\"widget\" data-e-type=\"widget\" data-widget_type=\"text-editor.default\">\n\t\t\t\t<div class=\"elementor-widget-container\">\n\t\t\t\t\t\t\t\t\t<p><em><strong>From &amp; For Education<\/strong><\/em><\/p>\t\t\t\t\t\t\t\t<\/div>\n\t\t\t\t<\/div>\n\t\t\t\t\t<\/div>\n\t\t<\/div>\n\t\t\t\t\t<\/div>\n\t\t<\/section>\n\t\t\t\t<section class=\"elementor-section elementor-top-section elementor-element elementor-element-f504cfd elementor-section-boxed elementor-section-height-default elementor-section-height-default\" data-id=\"f504cfd\" data-element_type=\"section\" data-e-type=\"section\" data-settings=\"{&quot;background_background&quot;:&quot;classic&quot;}\">\n\t\t\t\t\t\t<div class=\"elementor-container elementor-column-gap-default\">\n\t\t\t\t\t<div class=\"elementor-column elementor-col-100 elementor-top-column elementor-element elementor-element-c27843a\" data-id=\"c27843a\" data-element_type=\"column\" data-e-type=\"column\">\n\t\t\t<div class=\"elementor-widget-wrap elementor-element-populated\">\n\t\t\t\t\t\t<section class=\"elementor-section elementor-inner-section elementor-element elementor-element-06a8666 elementor-section-boxed elementor-section-height-default elementor-section-height-default\" data-id=\"06a8666\" data-element_type=\"section\" data-e-type=\"section\">\n\t\t\t\t\t\t<div class=\"elementor-container elementor-column-gap-default\">\n\t\t\t\t\t<div class=\"elementor-column elementor-col-50 elementor-inner-column elementor-element elementor-element-b7d904e\" data-id=\"b7d904e\" data-element_type=\"column\" data-e-type=\"column\">\n\t\t\t<div class=\"elementor-widget-wrap elementor-element-populated\">\n\t\t\t\t\t\t<div class=\"elementor-element elementor-element-f226700 elementor-widget elementor-widget-image\" data-id=\"f226700\" data-element_type=\"widget\" data-e-type=\"widget\" data-widget_type=\"image.default\">\n\t\t\t\t<div class=\"elementor-widget-container\">\n\t\t\t\t\t\t\t\t\t\t\t\t\t\t\t<img decoding=\"async\" width=\"800\" height=\"872\" src=\"https:\/\/the-campus.online\/wp-content\/uploads\/2022\/10\/Granero-Olocip-2-939x1024.jpg\" class=\"attachment-large size-large wp-image-2252\" alt=\"\" srcset=\"https:\/\/the-campus.online\/wp-content\/uploads\/2022\/10\/Granero-Olocip-2-939x1024.jpg 939w, https:\/\/the-campus.online\/wp-content\/uploads\/2022\/10\/Granero-Olocip-2-275x300.jpg 275w, https:\/\/the-campus.online\/wp-content\/uploads\/2022\/10\/Granero-Olocip-2-768x837.jpg 768w, https:\/\/the-campus.online\/wp-content\/uploads\/2022\/10\/Granero-Olocip-2-1409x1536.jpg 1409w, https:\/\/the-campus.online\/wp-content\/uploads\/2022\/10\/Granero-Olocip-2-1879x2048.jpg 1879w\" sizes=\"(max-width: 800px) 100vw, 800px\" \/>\t\t\t\t\t\t\t\t\t\t\t\t\t\t\t<\/div>\n\t\t\t\t<\/div>\n\t\t\t\t\t<\/div>\n\t\t<\/div>\n\t\t\t\t<div class=\"elementor-column elementor-col-50 elementor-inner-column elementor-element elementor-element-7dfcc4e\" data-id=\"7dfcc4e\" data-element_type=\"column\" data-e-type=\"column\">\n\t\t\t<div class=\"elementor-widget-wrap elementor-element-populated\">\n\t\t\t\t\t\t<div class=\"elementor-element elementor-element-86e7ac6 elementor-widget elementor-widget-text-editor\" data-id=\"86e7ac6\" data-element_type=\"widget\" data-e-type=\"widget\" data-widget_type=\"text-editor.default\">\n\t\t\t\t<div class=\"elementor-widget-container\">\n\t\t\t\t\t\t\t\t\t<p>Esteban Granero<\/p><h5><em><strong>\u00abEl talento se construye con formaci\u00f3n y trabajo\u00bb<\/strong><\/em><\/h5>\t\t\t\t\t\t\t\t<\/div>\n\t\t\t\t<\/div>\n\t\t\t\t<div class=\"elementor-element elementor-element-8c4a9d7 elementor-widget elementor-widget-text-editor\" data-id=\"8c4a9d7\" data-element_type=\"widget\" data-e-type=\"widget\" data-widget_type=\"text-editor.default\">\n\t\t\t\t<div class=\"elementor-widget-container\">\n\t\t\t\t\t\t\t\t\t<div class=\"page\" title=\"Page 1\"><div class=\"layoutArea\"><div class=\"column\"><p>Ex-futbolista con estudios en Psicolog\u00eda experto en inteligencia artificial: un joven de 35 a\u00f1os, con una trayectoria muy singular e interesante.<\/p><p>M\u00e1s de una d\u00e9cada de trayectoria profesional como futbolista y m\u00e1s de 400 partidos oficiales, durante los cuales ha pasado por todas las categor\u00edas del Real Madrid, jug\u00f3 el Mundial Sub-20 en 2007 con Espa\u00f1a, ha jugado para equipos como el Castilla, Getafe, el Real Sociedad, el Espanyol, en la Premier League inglesa y finalmente colg\u00f3 las botas como jugador del Marbella FC en 2021.<\/p><p>Esteban es fundador de distintas iniciativas en el deporte profesional e industria, entre las que destaca Olocip, donde ha apostado por la<strong> inteligencia artificial<\/strong>, que fund\u00f3 en 2015 con dos catedr\u00e1ticos de Inteligencia Artificial de la\u00a0<strong>Universidad Polit\u00e9cnica de Madrid<\/strong>. Su idea era<strong>\u00a0unir el f\u00fatbol y la ciencia<\/strong>, dos mundos aparentemente muy dispares, y ha conseguido que en estos a\u00f1os Olocip se haya posicionado como una\u00a0<strong>compa\u00f1\u00eda internacional pionera<\/strong>\u00a0en la aplicaci\u00f3n de inteligencia artificial en el mundo empresarial y del deporte (adem\u00e1s de f\u00fatbol aplican ese tipo de an\u00e1lisis en\u00a0<strong>tenis, baloncesto e incluso cr\u00edquet<\/strong>).<\/p><p>Actualmente, tambie\u0301n destaca como CSO de Best Of You, compan\u0303i\u0301a li\u0301der de la industria deportiva; miembro del consejo asesor del World Football Summit y miembro del comite\u0301 de expertos de la Asociacio\u0301n de Marketing de Espan\u0303a.<\/p><\/div><p>Le gusta tocar la guitarra, jugar al ajedrez y es un \u00e1vido lector.\u00a0<\/p><\/div><\/div>\t\t\t\t\t\t\t\t<\/div>\n\t\t\t\t<\/div>\n\t\t\t\t\t<\/div>\n\t\t<\/div>\n\t\t\t\t\t<\/div>\n\t\t<\/section>\n\t\t\t\t\t<\/div>\n\t\t<\/div>\n\t\t\t\t\t<\/div>\n\t\t<\/section>\n\t\t\t\t<section class=\"elementor-section elementor-top-section elementor-element elementor-element-5570209 elementor-section-boxed elementor-section-height-default elementor-section-height-default\" data-id=\"5570209\" data-element_type=\"section\" data-e-type=\"section\">\n\t\t\t\t\t\t<div class=\"elementor-container elementor-column-gap-default\">\n\t\t\t\t\t<div class=\"elementor-column elementor-col-50 elementor-top-column elementor-element elementor-element-f2ea99f\" data-id=\"f2ea99f\" data-element_type=\"column\" data-e-type=\"column\">\n\t\t\t<div class=\"elementor-widget-wrap\">\n\t\t\t\t\t\t\t<\/div>\n\t\t<\/div>\n\t\t\t\t<div class=\"elementor-column elementor-col-50 elementor-top-column elementor-element elementor-element-d91a2ae\" data-id=\"d91a2ae\" data-element_type=\"column\" data-e-type=\"column\">\n\t\t\t<div class=\"elementor-widget-wrap\">\n\t\t\t\t\t\t\t<\/div>\n\t\t<\/div>\n\t\t\t\t\t<\/div>\n\t\t<\/section>\n\t\t\t\t<section class=\"elementor-section elementor-top-section elementor-element elementor-element-ff90a6a elementor-section-boxed elementor-section-height-default elementor-section-height-default\" data-id=\"ff90a6a\" data-element_type=\"section\" data-e-type=\"section\">\n\t\t\t\t\t\t<div class=\"elementor-container elementor-column-gap-default\">\n\t\t\t\t\t<div class=\"elementor-column elementor-col-100 elementor-top-column elementor-element elementor-element-352b0f0\" data-id=\"352b0f0\" data-element_type=\"column\" data-e-type=\"column\">\n\t\t\t<div class=\"elementor-widget-wrap elementor-element-populated\">\n\t\t\t\t\t\t<div class=\"elementor-element elementor-element-c6a4ac1 elementor-align-center elementor-widget elementor-widget-button\" data-id=\"c6a4ac1\" data-element_type=\"widget\" data-e-type=\"widget\" data-widget_type=\"button.default\">\n\t\t\t\t<div class=\"elementor-widget-container\">\n\t\t\t\t\t\t\t\t\t<div class=\"elementor-button-wrapper\">\n\t\t\t\t\t<a class=\"elementor-button elementor-button-link elementor-size-lg\" href=\"https:\/\/www.abc.es\/content-local\/meeting-your-future-academica-esteban-granero\/\" target=\"_blank\">\n\t\t\t\t\t\t<span class=\"elementor-button-content-wrapper\">\n\t\t\t\t\t\t\t\t\t<span class=\"elementor-button-text\">Ver m\u00e1s detalles de la Jornada en ABC<\/span>\n\t\t\t\t\t<\/span>\n\t\t\t\t\t<\/a>\n\t\t\t\t<\/div>\n\t\t\t\t\t\t\t\t<\/div>\n\t\t\t\t<\/div>\n\t\t\t\t\t<\/div>\n\t\t<\/div>\n\t\t\t\t\t<\/div>\n\t\t<\/section>\n\t\t\t\t<section class=\"elementor-section elementor-top-section elementor-element elementor-element-756500f elementor-section-boxed elementor-section-height-default elementor-section-height-default\" data-id=\"756500f\" data-element_type=\"section\" data-e-type=\"section\">\n\t\t\t\t\t\t<div class=\"elementor-container elementor-column-gap-default\">\n\t\t\t\t\t<div class=\"elementor-column elementor-col-100 elementor-top-column elementor-element elementor-element-e4437d4\" data-id=\"e4437d4\" data-element_type=\"column\" data-e-type=\"column\">\n\t\t\t<div class=\"elementor-widget-wrap elementor-element-populated\">\n\t\t\t\t\t\t<div class=\"elementor-element elementor-element-ebf912f elementor-widget elementor-widget-text-editor\" data-id=\"ebf912f\" data-element_type=\"widget\" data-e-type=\"widget\" data-widget_type=\"text-editor.default\">\n\t\t\t\t<div class=\"elementor-widget-container\">\n\t\t\t\t\t\t\t\t\t<p>En esta primera jornada de este curso escolar,\u00a0 contamos con la participaci\u00f3n de m\u00e1s de 140.000 alumnos.<\/p><p>\u00a1Un arranque con una incre\u00edble participaci\u00f3n!<\/p>\t\t\t\t\t\t\t\t<\/div>\n\t\t\t\t<\/div>\n\t\t\t\t\t<\/div>\n\t\t<\/div>\n\t\t\t\t\t<\/div>\n\t\t<\/section>\n\t\t\t\t<section class=\"elementor-section elementor-top-section elementor-element elementor-element-2fc36cd elementor-section-boxed elementor-section-height-default elementor-section-height-default\" data-id=\"2fc36cd\" data-element_type=\"section\" data-e-type=\"section\">\n\t\t\t\t\t\t<div class=\"elementor-container elementor-column-gap-default\">\n\t\t\t\t\t<div class=\"elementor-column elementor-col-100 elementor-top-column elementor-element elementor-element-051d866\" data-id=\"051d866\" data-element_type=\"column\" data-e-type=\"column\">\n\t\t\t<div class=\"elementor-widget-wrap elementor-element-populated\">\n\t\t\t\t\t\t<div class=\"elementor-element elementor-element-c2f692b elementor-widget elementor-widget-image\" data-id=\"c2f692b\" data-element_type=\"widget\" data-e-type=\"widget\" data-widget_type=\"image.default\">\n\t\t\t\t<div class=\"elementor-widget-container\">\n\t\t\t\t\t\t\t\t\t\t\t\t\t\t\t<img loading=\"lazy\" decoding=\"async\" width=\"800\" height=\"507\" src=\"https:\/\/the-campus.online\/wp-content\/uploads\/2023\/02\/Gr\u00e1fico-academica-2-1024x649.png\" class=\"attachment-large size-large wp-image-2363\" alt=\"\" srcset=\"https:\/\/the-campus.online\/wp-content\/uploads\/2023\/02\/Gr\u00e1fico-academica-2-1024x649.png 1024w, https:\/\/the-campus.online\/wp-content\/uploads\/2023\/02\/Gr\u00e1fico-academica-2-300x190.png 300w, https:\/\/the-campus.online\/wp-content\/uploads\/2023\/02\/Gr\u00e1fico-academica-2-768x487.png 768w, https:\/\/the-campus.online\/wp-content\/uploads\/2023\/02\/Gr\u00e1fico-academica-2-1536x973.png 1536w, https:\/\/the-campus.online\/wp-content\/uploads\/2023\/02\/Gr\u00e1fico-academica-2.png 2000w\" sizes=\"(max-width: 800px) 100vw, 800px\" \/>\t\t\t\t\t\t\t\t\t\t\t\t\t\t\t<\/div>\n\t\t\t\t<\/div>\n\t\t\t\t\t<\/div>\n\t\t<\/div>\n\t\t\t\t\t<\/div>\n\t\t<\/section>\n\t\t<!-- dce invisible element ba12958 -->\t\t<section class=\"elementor-section elementor-top-section elementor-element elementor-element-25fe3c5 elementor-section-boxed elementor-section-height-default elementor-section-height-default\" data-id=\"25fe3c5\" data-element_type=\"section\" data-e-type=\"section\" data-settings=\"{&quot;background_background&quot;:&quot;classic&quot;}\">\n\t\t\t\t\t\t<div class=\"elementor-container elementor-column-gap-default\">\n\t\t\t\t\t<div class=\"elementor-column elementor-col-100 elementor-top-column elementor-element elementor-element-4de1c18\" data-id=\"4de1c18\" data-element_type=\"column\" data-e-type=\"column\">\n\t\t\t<div class=\"elementor-widget-wrap elementor-element-populated\">\n\t\t\t\t\t\t<div class=\"elementor-element elementor-element-ca69294 elementor-widget elementor-widget-image\" data-id=\"ca69294\" data-element_type=\"widget\" data-e-type=\"widget\" data-widget_type=\"image.default\">\n\t\t\t\t<div class=\"elementor-widget-container\">\n\t\t\t\t\t\t\t\t\t\t\t\t\t\t\t\t<a href=\"https:\/\/the-campus.online\/en\/\" target=\"_blank\">\n\t\t\t\t\t\t\t<img decoding=\"async\" src=\"https:\/\/the-campus.online\/wp-content\/uploads\/2021\/03\/powered-by.png\" title=\"powered-by\" alt=\"powered-by\" loading=\"lazy\" \/>\t\t\t\t\t\t\t\t<\/a>\n\t\t\t\t\t\t\t\t\t\t\t\t\t\t\t<\/div>\n\t\t\t\t<\/div>\n\t\t\t\t\t<\/div>\n\t\t<\/div>\n\t\t\t\t\t<\/div>\n\t\t<\/section>\n\t\t\t\t<\/div>","protected":false},"excerpt":{"rendered":"<p>Meeting Your Future Jornadas Meeting Your Future Invitado: Esteban Granero Viernes 28 Octubre 2022 From &amp; For Education Esteban Granero \u00abEl talento se construye con formaci\u00f3n y trabajo\u00bb Ex-futbolista con estudios en Psicolog\u00eda experto en inteligencia artificial: un joven de 35 a\u00f1os, con una trayectoria muy singular e interesante. M\u00e1s de una d\u00e9cada de trayectoria [&hellip;]<\/p>\n","protected":false},"author":13,"featured_media":273,"parent":0,"menu_order":0,"comment_status":"closed","ping_status":"closed","template":"elementor_canvas","meta":{"om_disable_all_campaigns":false,"_monsterinsights_skip_tracking":false,"_monsterinsights_sitenote_active":false,"_monsterinsights_sitenote_note":"","_monsterinsights_sitenote_category":0,"footnotes":""},"class_list":["post-2251","page","type-page","status-publish","has-post-thumbnail","hentry"],"aioseo_notices":[],"_links":{"self":[{"href":"https:\/\/the-campus.online\/en\/wp-json\/wp\/v2\/pages\/2251","targetHints":{"allow":["GET"]}}],"collection":[{"href":"https:\/\/the-campus.online\/en\/wp-json\/wp\/v2\/pages"}],"about":[{"href":"https:\/\/the-campus.online\/en\/wp-json\/wp\/v2\/types\/page"}],"author":[{"embeddable":true,"href":"https:\/\/the-campus.online\/en\/wp-json\/wp\/v2\/users\/13"}],"replies":[{"embeddable":true,"href":"https:\/\/the-campus.online\/en\/wp-json\/wp\/v2\/comments?post=2251"}],"version-history":[{"count":29,"href":"https:\/\/the-campus.online\/en\/wp-json\/wp\/v2\/pages\/2251\/revisions"}],"predecessor-version":[{"id":3540,"href":"https:\/\/the-campus.online\/en\/wp-json\/wp\/v2\/pages\/2251\/revisions\/3540"}],"wp:featuredmedia":[{"embeddable":true,"href":"https:\/\/the-campus.online\/en\/wp-json\/wp\/v2\/media\/273"}],"wp:attachment":[{"href":"https:\/\/the-campus.online\/en\/wp-json\/wp\/v2\/media?parent=2251"}],"curies":[{"name":"wp","href":"https:\/\/api.w.org\/{rel}","templated":true}]}}