{"id":2924,"date":"2023-04-28T10:33:03","date_gmt":"2023-04-28T08:33:03","guid":{"rendered":"https:\/\/the-campus.online\/?page_id=2924"},"modified":"2024-03-06T18:12:02","modified_gmt":"2024-03-06T17:12:02","slug":"arancha-torres","status":"publish","type":"page","link":"https:\/\/the-campus.online\/en\/arancha-torres\/","title":{"rendered":"Arancha Torres"},"content":{"rendered":"<div data-elementor-type=\"wp-page\" data-elementor-id=\"2924\" class=\"elementor elementor-2924\" data-elementor-post-type=\"page\">\n\t\t\t\t\t\t<section class=\"elementor-section elementor-top-section elementor-element elementor-element-0d7585d elementor-section-boxed elementor-section-height-default elementor-section-height-default\" data-id=\"0d7585d\" data-element_type=\"section\" data-e-type=\"section\" data-settings=\"{&quot;background_background&quot;:&quot;classic&quot;}\">\n\t\t\t\t\t\t<div class=\"elementor-container elementor-column-gap-default\">\n\t\t\t\t\t<div class=\"elementor-column elementor-col-100 elementor-top-column elementor-element elementor-element-809111d\" data-id=\"809111d\" data-element_type=\"column\" data-e-type=\"column\">\n\t\t\t<div class=\"elementor-widget-wrap\">\n\t\t\t\t\t\t\t<\/div>\n\t\t<\/div>\n\t\t\t\t\t<\/div>\n\t\t<\/section>\n\t\t\t\t<section class=\"elementor-section elementor-top-section elementor-element elementor-element-92c17c2 elementor-section-full_width elementor-section-height-default elementor-section-height-default\" data-id=\"92c17c2\" data-element_type=\"section\" data-e-type=\"section\">\n\t\t\t\t\t\t<div class=\"elementor-container elementor-column-gap-default\">\n\t\t\t\t\t<div class=\"elementor-column elementor-col-100 elementor-top-column elementor-element elementor-element-e4c08c5\" data-id=\"e4c08c5\" data-element_type=\"column\" data-e-type=\"column\">\n\t\t\t<div class=\"elementor-widget-wrap elementor-element-populated\">\n\t\t\t\t\t\t<section class=\"elementor-section elementor-inner-section elementor-element elementor-element-c33fcd6 elementor-section-full_width elementor-section-height-default elementor-section-height-default\" data-id=\"c33fcd6\" data-element_type=\"section\" data-e-type=\"section\">\n\t\t\t\t\t\t<div class=\"elementor-container elementor-column-gap-default\">\n\t\t\t\t\t<div class=\"elementor-column elementor-col-33 elementor-inner-column elementor-element elementor-element-641f408\" data-id=\"641f408\" data-element_type=\"column\" data-e-type=\"column\">\n\t\t\t<div class=\"elementor-widget-wrap elementor-element-populated\">\n\t\t\t\t\t\t<div class=\"elementor-element elementor-element-2f38fb1 elementor-widget elementor-widget-text-editor\" data-id=\"2f38fb1\" data-element_type=\"widget\" data-e-type=\"widget\" data-widget_type=\"text-editor.default\">\n\t\t\t\t<div class=\"elementor-widget-container\">\n\t\t\t\t\t\t\t\t\t<p><span style=\"color: #2a564a;\"><a style=\"color: #2a564a;\" href=\"https:\/\/the-campus.online\/en\/jornadas-meeting-your-future-22-23\/\"><strong>Meeting Your Future<\/strong><\/a><\/span><\/p>\t\t\t\t\t\t\t\t<\/div>\n\t\t\t\t<\/div>\n\t\t\t\t\t<\/div>\n\t\t<\/div>\n\t\t\t\t<div class=\"elementor-column elementor-col-33 elementor-inner-column elementor-element elementor-element-8150759\" data-id=\"8150759\" data-element_type=\"column\" data-e-type=\"column\">\n\t\t\t<div class=\"elementor-widget-wrap\">\n\t\t\t\t\t\t\t<\/div>\n\t\t<\/div>\n\t\t\t\t<div class=\"elementor-column elementor-col-33 elementor-inner-column elementor-element elementor-element-5441bdf\" data-id=\"5441bdf\" data-element_type=\"column\" data-e-type=\"column\">\n\t\t\t<div class=\"elementor-widget-wrap\">\n\t\t\t\t\t\t\t<\/div>\n\t\t<\/div>\n\t\t\t\t\t<\/div>\n\t\t<\/section>\n\t\t\t\t\t<\/div>\n\t\t<\/div>\n\t\t\t\t\t<\/div>\n\t\t<\/section>\n\t\t\t\t<section class=\"elementor-section elementor-top-section elementor-element elementor-element-d0d94bb elementor-section-boxed elementor-section-height-default elementor-section-height-default\" data-id=\"d0d94bb\" data-element_type=\"section\" data-e-type=\"section\" data-settings=\"{&quot;background_background&quot;:&quot;classic&quot;}\">\n\t\t\t\t\t\t<div class=\"elementor-container elementor-column-gap-default\">\n\t\t\t\t\t<div class=\"elementor-column elementor-col-100 elementor-top-column elementor-element elementor-element-cbd70f2\" data-id=\"cbd70f2\" data-element_type=\"column\" data-e-type=\"column\">\n\t\t\t<div class=\"elementor-widget-wrap elementor-element-populated\">\n\t\t\t\t\t\t<section class=\"elementor-section elementor-inner-section elementor-element elementor-element-731f16d elementor-section-boxed elementor-section-height-default elementor-section-height-default\" data-id=\"731f16d\" data-element_type=\"section\" data-e-type=\"section\">\n\t\t\t\t\t\t<div class=\"elementor-container elementor-column-gap-default\">\n\t\t\t\t\t<div class=\"elementor-column elementor-col-100 elementor-inner-column elementor-element elementor-element-52950bd\" data-id=\"52950bd\" data-element_type=\"column\" data-e-type=\"column\">\n\t\t\t<div class=\"elementor-widget-wrap elementor-element-populated\">\n\t\t\t\t\t\t<div class=\"elementor-element elementor-element-01cec84 elementor-widget elementor-widget-heading\" data-id=\"01cec84\" data-element_type=\"widget\" data-e-type=\"widget\" data-widget_type=\"heading.default\">\n\t\t\t\t<div class=\"elementor-widget-container\">\n\t\t\t\t\t<h4 class=\"elementor-heading-title elementor-size-medium\">Jornadas Meeting Your Future<br><\/h4>\t\t\t\t<\/div>\n\t\t\t\t<\/div>\n\t\t\t\t\t<\/div>\n\t\t<\/div>\n\t\t\t\t\t<\/div>\n\t\t<\/section>\n\t\t\t\t<div class=\"elementor-element elementor-element-d0f946b elementor-widget-divider--view-line elementor-widget elementor-widget-divider\" data-id=\"d0f946b\" data-element_type=\"widget\" data-e-type=\"widget\" data-widget_type=\"divider.default\">\n\t\t\t\t<div class=\"elementor-widget-container\">\n\t\t\t\t\t\t\t<div class=\"elementor-divider\">\n\t\t\t<span class=\"elementor-divider-separator\">\n\t\t\t\t\t\t<\/span>\n\t\t<\/div>\n\t\t\t\t\t\t<\/div>\n\t\t\t\t<\/div>\n\t\t\t\t<section class=\"elementor-section elementor-inner-section elementor-element elementor-element-123b88a elementor-section-boxed elementor-section-height-default elementor-section-height-default\" data-id=\"123b88a\" data-element_type=\"section\" data-e-type=\"section\">\n\t\t\t\t\t\t<div class=\"elementor-container elementor-column-gap-default\">\n\t\t\t\t\t<div class=\"elementor-column elementor-col-100 elementor-inner-column elementor-element elementor-element-efbb585\" data-id=\"efbb585\" data-element_type=\"column\" data-e-type=\"column\">\n\t\t\t<div class=\"elementor-widget-wrap elementor-element-populated\">\n\t\t\t\t\t\t<div class=\"elementor-element elementor-element-d7129a5 elementor-widget elementor-widget-text-editor\" data-id=\"d7129a5\" data-element_type=\"widget\" data-e-type=\"widget\" data-widget_type=\"text-editor.default\">\n\t\t\t\t<div class=\"elementor-widget-container\">\n\t\t\t\t\t\t\t\t\t<h1><strong>Invitada: Arancha Torres<\/strong><\/h1>\n<p>Martes 16 Mayo 2023 a las 12 horas<\/p>\t\t\t\t\t\t\t\t<\/div>\n\t\t\t\t<\/div>\n\t\t\t\t\t<\/div>\n\t\t<\/div>\n\t\t\t\t\t<\/div>\n\t\t<\/section>\n\t\t\t\t\t<\/div>\n\t\t<\/div>\n\t\t\t\t\t<\/div>\n\t\t<\/section>\n\t\t\t\t<section class=\"elementor-section elementor-top-section elementor-element elementor-element-3127b14 elementor-section-content-middle elementor-section-boxed elementor-section-height-default elementor-section-height-default\" data-id=\"3127b14\" data-element_type=\"section\" data-e-type=\"section\">\n\t\t\t\t\t\t<div class=\"elementor-container elementor-column-gap-default\">\n\t\t\t\t\t<div class=\"elementor-column elementor-col-50 elementor-top-column elementor-element elementor-element-8883ab1\" data-id=\"8883ab1\" data-element_type=\"column\" data-e-type=\"column\">\n\t\t\t<div class=\"elementor-widget-wrap elementor-element-populated\">\n\t\t\t\t\t\t<div class=\"elementor-element elementor-element-33aeb31 elementor-widget elementor-widget-image\" data-id=\"33aeb31\" data-element_type=\"widget\" data-e-type=\"widget\" data-widget_type=\"image.default\">\n\t\t\t\t<div class=\"elementor-widget-container\">\n\t\t\t\t\t\t\t\t\t\t\t\t\t\t\t<img fetchpriority=\"high\" decoding=\"async\" width=\"400\" height=\"156\" src=\"https:\/\/the-campus.online\/wp-content\/uploads\/2021\/04\/Logo-AIS_fondo-verde.png\" class=\"attachment-full size-full wp-image-478\" alt=\"\" srcset=\"https:\/\/the-campus.online\/wp-content\/uploads\/2021\/04\/Logo-AIS_fondo-verde.png 400w, https:\/\/the-campus.online\/wp-content\/uploads\/2021\/04\/Logo-AIS_fondo-verde-300x117.png 300w\" sizes=\"(max-width: 400px) 100vw, 400px\" \/>\t\t\t\t\t\t\t\t\t\t\t\t\t\t\t<\/div>\n\t\t\t\t<\/div>\n\t\t\t\t\t<\/div>\n\t\t<\/div>\n\t\t\t\t<div class=\"elementor-column elementor-col-50 elementor-top-column elementor-element elementor-element-3235e51\" data-id=\"3235e51\" data-element_type=\"column\" data-e-type=\"column\">\n\t\t\t<div class=\"elementor-widget-wrap elementor-element-populated\">\n\t\t\t\t\t\t<div class=\"elementor-element elementor-element-4b41ce9 elementor-widget elementor-widget-image\" data-id=\"4b41ce9\" data-element_type=\"widget\" data-e-type=\"widget\" data-widget_type=\"image.default\">\n\t\t\t\t<div class=\"elementor-widget-container\">\n\t\t\t\t\t\t\t\t\t\t\t\t\t\t\t<img decoding=\"async\" width=\"400\" height=\"154\" src=\"https:\/\/the-campus.online\/wp-content\/uploads\/2021\/04\/Logo-ABC.png\" class=\"attachment-full size-full wp-image-477\" alt=\"\" srcset=\"https:\/\/the-campus.online\/wp-content\/uploads\/2021\/04\/Logo-ABC.png 400w, https:\/\/the-campus.online\/wp-content\/uploads\/2021\/04\/Logo-ABC-300x116.png 300w\" sizes=\"(max-width: 400px) 100vw, 400px\" \/>\t\t\t\t\t\t\t\t\t\t\t\t\t\t\t<\/div>\n\t\t\t\t<\/div>\n\t\t\t\t\t<\/div>\n\t\t<\/div>\n\t\t\t\t\t<\/div>\n\t\t<\/section>\n\t\t\t\t<section class=\"elementor-section elementor-top-section elementor-element elementor-element-88a102c elementor-section-boxed elementor-section-height-default elementor-section-height-default\" data-id=\"88a102c\" data-element_type=\"section\" data-e-type=\"section\">\n\t\t\t\t\t\t<div class=\"elementor-container elementor-column-gap-default\">\n\t\t\t\t\t<div class=\"elementor-column elementor-col-100 elementor-top-column elementor-element elementor-element-9418ef0\" data-id=\"9418ef0\" data-element_type=\"column\" data-e-type=\"column\">\n\t\t\t<div class=\"elementor-widget-wrap elementor-element-populated\">\n\t\t\t\t\t\t<div class=\"elementor-element elementor-element-5535240 elementor-widget elementor-widget-text-editor\" data-id=\"5535240\" data-element_type=\"widget\" data-e-type=\"widget\" data-widget_type=\"text-editor.default\">\n\t\t\t\t<div class=\"elementor-widget-container\">\n\t\t\t\t\t\t\t\t\t<p><em><strong>From &amp; For Education<\/strong><\/em><\/p>\t\t\t\t\t\t\t\t<\/div>\n\t\t\t\t<\/div>\n\t\t\t\t\t<\/div>\n\t\t<\/div>\n\t\t\t\t\t<\/div>\n\t\t<\/section>\n\t\t\t\t<section class=\"elementor-section elementor-top-section elementor-element elementor-element-f504cfd elementor-section-boxed elementor-section-height-default elementor-section-height-default\" data-id=\"f504cfd\" data-element_type=\"section\" data-e-type=\"section\" data-settings=\"{&quot;background_background&quot;:&quot;classic&quot;}\">\n\t\t\t\t\t\t<div class=\"elementor-container elementor-column-gap-default\">\n\t\t\t\t\t<div class=\"elementor-column elementor-col-100 elementor-top-column elementor-element elementor-element-c27843a\" data-id=\"c27843a\" data-element_type=\"column\" data-e-type=\"column\">\n\t\t\t<div class=\"elementor-widget-wrap elementor-element-populated\">\n\t\t\t\t\t\t<section class=\"elementor-section elementor-inner-section elementor-element elementor-element-06a8666 elementor-section-boxed elementor-section-height-default elementor-section-height-default\" data-id=\"06a8666\" data-element_type=\"section\" data-e-type=\"section\">\n\t\t\t\t\t\t<div class=\"elementor-container elementor-column-gap-default\">\n\t\t\t\t\t<div class=\"elementor-column elementor-col-100 elementor-inner-column elementor-element elementor-element-7dfcc4e\" data-id=\"7dfcc4e\" data-element_type=\"column\" data-e-type=\"column\">\n\t\t\t<div class=\"elementor-widget-wrap elementor-element-populated\">\n\t\t\t\t\t\t<div class=\"elementor-element elementor-element-86e7ac6 elementor-widget elementor-widget-text-editor\" data-id=\"86e7ac6\" data-element_type=\"widget\" data-e-type=\"widget\" data-widget_type=\"text-editor.default\">\n\t\t\t\t<div class=\"elementor-widget-container\">\n\t\t\t\t\t\t\t\t\t<p><strong>Arancha Torres<\/strong><\/p>\t\t\t\t\t\t\t\t<\/div>\n\t\t\t\t<\/div>\n\t\t\t\t<div class=\"elementor-element elementor-element-982f572 elementor-widget elementor-widget-image\" data-id=\"982f572\" data-element_type=\"widget\" data-e-type=\"widget\" data-widget_type=\"image.default\">\n\t\t\t\t<div class=\"elementor-widget-container\">\n\t\t\t\t\t\t\t\t\t\t\t\t\t\t\t<img decoding=\"async\" width=\"800\" height=\"535\" src=\"https:\/\/the-campus.online\/wp-content\/uploads\/2023\/04\/Arancha-1024x685.jpg\" class=\"attachment-large size-large wp-image-2936\" alt=\"\" srcset=\"https:\/\/the-campus.online\/wp-content\/uploads\/2023\/04\/Arancha-1024x685.jpg 1024w, https:\/\/the-campus.online\/wp-content\/uploads\/2023\/04\/Arancha-300x201.jpg 300w, https:\/\/the-campus.online\/wp-content\/uploads\/2023\/04\/Arancha-768x514.jpg 768w, https:\/\/the-campus.online\/wp-content\/uploads\/2023\/04\/Arancha.jpg 1078w\" sizes=\"(max-width: 800px) 100vw, 800px\" \/>\t\t\t\t\t\t\t\t\t\t\t\t\t\t\t<\/div>\n\t\t\t\t<\/div>\n\t\t\t\t<div class=\"elementor-element elementor-element-8c4a9d7 elementor-widget elementor-widget-text-editor\" data-id=\"8c4a9d7\" data-element_type=\"widget\" data-e-type=\"widget\" data-widget_type=\"text-editor.default\">\n\t\t\t\t<div class=\"elementor-widget-container\">\n\t\t\t\t\t\t\t\t\t<div class=\"page\" title=\"Page 1\">\n<div class=\"layoutArea\">\n<div class=\"column\">\n<blockquote class=\"\">\n<div class=\"\">\n<div class=\"\" dir=\"ltr\">\n<div class=\"\">\n<div class=\"\">\n<h5><strong>Vicepresidenta y Directora de Recursos Humanos para Europa Central y del Sur de Capgemini<\/strong><\/h5>\n<p>Arancha cuenta con alrededor de 30 a\u00f1os de experiencia en el \u00e1rea de Recursos Humanos en empresas multinacionales con un amplio conocimiento en gesti\u00f3n y transformaci\u00f3n de grandes compa\u00f1\u00edas. Acostumbrada a trabajar por objetivos y a ser part\u00edcipe en la toma de decisiones estrat\u00e9gicas, posee una amplia visi\u00f3n de estrategia empresarial, cambio organizacional, direcci\u00f3n y desarrollo, liderazgo de equipos, <em>analytics<\/em> y comunicaci\u00f3n.<\/p>\n<p>\u00a0<\/p>\n<p>En el a\u00f1o 99, comenz\u00f3 a trabajar en el apasionante mundo de la consultor\u00eda, donde est\u00e1 desarrollando su carrera profesional. Durante 12 a\u00f1os, trabajo en PwC, donde, entre otros cargos, fue Directora de RR.HH. Desde hace m\u00e1s de 7 a\u00f1os, forma parte del Grupo Capgemini y desde de enero de 2022, es la Vicepresidenta y Directora de Recursos Humanos para Europa Central y del Sur de Capgemini. Tambi\u00e9n es miembro del Comit\u00e9 Ejecutivo.<\/p>\n<p>\u00a0<\/p>\n<p>Arancha es licenciada en Psicolog\u00eda por la Universidad Aut\u00f3noma de Madrid. A lo largo de su carrera, ha recibido varios reconocimientos destacan: Premio al Director de RRHH 2012, Premio a la m\u00e1s influyente en RRHH, y Premio Expansi\u00f3n y Empleo a la innovaci\u00f3n en RRHH en 2013.<\/p>\n<\/div>\n<\/div>\n<\/div>\n<\/div>\n<\/blockquote>\n<\/div>\n<\/div>\n<\/div>\t\t\t\t\t\t\t\t<\/div>\n\t\t\t\t<\/div>\n\t\t\t\t\t<\/div>\n\t\t<\/div>\n\t\t\t\t\t<\/div>\n\t\t<\/section>\n\t\t\t\t\t<\/div>\n\t\t<\/div>\n\t\t\t\t\t<\/div>\n\t\t<\/section>\n\t\t\t\t<section class=\"elementor-section elementor-top-section elementor-element elementor-element-b31ee7d elementor-section-boxed elementor-section-height-default elementor-section-height-default\" data-id=\"b31ee7d\" data-element_type=\"section\" data-e-type=\"section\">\n\t\t\t\t\t\t<div class=\"elementor-container elementor-column-gap-default\">\n\t\t\t\t\t<div class=\"elementor-column elementor-col-100 elementor-top-column elementor-element elementor-element-d6d7394\" data-id=\"d6d7394\" data-element_type=\"column\" data-e-type=\"column\">\n\t\t\t<div class=\"elementor-widget-wrap\">\n\t\t\t\t\t\t\t<\/div>\n\t\t<\/div>\n\t\t\t\t\t<\/div>\n\t\t<\/section>\n\t\t<!-- dce invisible element ba12958 -->\t\t<section class=\"elementor-section elementor-top-section elementor-element elementor-element-25fe3c5 elementor-section-boxed elementor-section-height-default elementor-section-height-default\" data-id=\"25fe3c5\" data-element_type=\"section\" data-e-type=\"section\" data-settings=\"{&quot;background_background&quot;:&quot;classic&quot;}\">\n\t\t\t\t\t\t<div class=\"elementor-container elementor-column-gap-default\">\n\t\t\t\t\t<div class=\"elementor-column elementor-col-100 elementor-top-column elementor-element elementor-element-4de1c18\" data-id=\"4de1c18\" data-element_type=\"column\" data-e-type=\"column\">\n\t\t\t<div class=\"elementor-widget-wrap elementor-element-populated\">\n\t\t\t\t\t\t<div class=\"elementor-element elementor-element-31a9880 elementor-widget elementor-widget-text-editor\" data-id=\"31a9880\" data-element_type=\"widget\" data-e-type=\"widget\" data-widget_type=\"text-editor.default\">\n\t\t\t\t<div class=\"elementor-widget-container\">\n\t\t\t\t\t\t\t\t\t<p>Las jornadas tendr\u00e1n una\u00a0<strong>duraci\u00f3n de 50 minutos<\/strong> y se realizar\u00e1n en horario escolar, incluy\u00e9ndolas as\u00ed como parte de la formaci\u00f3n b\u00e1sica de los alumnos. Las jornadas se realizar\u00e1n <b>por videoconferencia en directo y en castellano. Son gratuitas y abiertas para todos los colegios que deseen participar.<\/b><\/p><p>Todas las jornadas est\u00e1n pensadas y\u00a0<strong>adecuadas para todos y cada uno de los alumnos<\/strong> de tu centro,\u00a0 independientemente de sus destrezas o estudios que est\u00e9n realizando, reforzando la importancia de sus estudios actuales. Acerc\u00e1ndoles en cada una de las jornadas a sus pr\u00f3ximas etapas a trav\u00e9s de las experiencias y toma de decisiones de j\u00f3venes profesionales.<\/p>\t\t\t\t\t\t\t\t<\/div>\n\t\t\t\t<\/div>\n\t\t\t\t\t<\/div>\n\t\t<\/div>\n\t\t\t\t\t<\/div>\n\t\t<\/section>\n\t\t\t\t<\/div>","protected":false},"excerpt":{"rendered":"<p>Meeting Your Future Jornadas Meeting Your Future Invitada: Arancha Torres Martes 16 Mayo 2023 a las 12 horas From &amp; For Education Arancha Torres Vicepresidenta y Directora de Recursos Humanos para Europa Central y del Sur de Capgemini Arancha cuenta con alrededor de 30 a\u00f1os de experiencia en el \u00e1rea de Recursos Humanos en empresas [&hellip;]<\/p>\n","protected":false},"author":8,"featured_media":273,"parent":0,"menu_order":0,"comment_status":"closed","ping_status":"closed","template":"elementor_canvas","meta":{"om_disable_all_campaigns":false,"_monsterinsights_skip_tracking":false,"_monsterinsights_sitenote_active":false,"_monsterinsights_sitenote_note":"","_monsterinsights_sitenote_category":0,"footnotes":""},"class_list":["post-2924","page","type-page","status-publish","has-post-thumbnail","hentry"],"aioseo_notices":[],"_links":{"self":[{"href":"https:\/\/the-campus.online\/en\/wp-json\/wp\/v2\/pages\/2924","targetHints":{"allow":["GET"]}}],"collection":[{"href":"https:\/\/the-campus.online\/en\/wp-json\/wp\/v2\/pages"}],"about":[{"href":"https:\/\/the-campus.online\/en\/wp-json\/wp\/v2\/types\/page"}],"author":[{"embeddable":true,"href":"https:\/\/the-campus.online\/en\/wp-json\/wp\/v2\/users\/8"}],"replies":[{"embeddable":true,"href":"https:\/\/the-campus.online\/en\/wp-json\/wp\/v2\/comments?post=2924"}],"version-history":[{"count":19,"href":"https:\/\/the-campus.online\/en\/wp-json\/wp\/v2\/pages\/2924\/revisions"}],"predecessor-version":[{"id":3534,"href":"https:\/\/the-campus.online\/en\/wp-json\/wp\/v2\/pages\/2924\/revisions\/3534"}],"wp:featuredmedia":[{"embeddable":true,"href":"https:\/\/the-campus.online\/en\/wp-json\/wp\/v2\/media\/273"}],"wp:attachment":[{"href":"https:\/\/the-campus.online\/en\/wp-json\/wp\/v2\/media?parent=2924"}],"curies":[{"name":"wp","href":"https:\/\/api.w.org\/{rel}","templated":true}]}}