{"id":3115,"date":"2023-09-08T14:02:43","date_gmt":"2023-09-08T12:02:43","guid":{"rendered":"https:\/\/the-campus.online\/?page_id=3115"},"modified":"2023-09-13T15:33:04","modified_gmt":"2023-09-13T13:33:04","slug":"marketing","status":"publish","type":"page","link":"https:\/\/the-campus.online\/en\/marketing\/","title":{"rendered":"MARKETING"},"content":{"rendered":"<div data-elementor-type=\"wp-page\" data-elementor-id=\"3115\" class=\"elementor elementor-3115\" data-elementor-post-type=\"page\">\n\t\t\t\t\t\t<section class=\"elementor-section elementor-top-section elementor-element elementor-element-b69f281 elementor-section-boxed elementor-section-height-default elementor-section-height-default\" data-id=\"b69f281\" data-element_type=\"section\" data-e-type=\"section\" data-settings=\"{&quot;background_background&quot;:&quot;classic&quot;}\">\n\t\t\t\t\t\t<div class=\"elementor-container elementor-column-gap-default\">\n\t\t\t\t\t<div class=\"elementor-column elementor-col-100 elementor-top-column elementor-element elementor-element-65c94c5\" data-id=\"65c94c5\" data-element_type=\"column\" data-e-type=\"column\">\n\t\t\t<div class=\"elementor-widget-wrap elementor-element-populated\">\n\t\t\t\t\t\t<div class=\"elementor-element elementor-element-c9d1ca3 elementor-widget elementor-widget-spacer\" data-id=\"c9d1ca3\" data-element_type=\"widget\" data-e-type=\"widget\" data-widget_type=\"spacer.default\">\n\t\t\t\t<div class=\"elementor-widget-container\">\n\t\t\t\t\t\t\t<div class=\"elementor-spacer\">\n\t\t\t<div class=\"elementor-spacer-inner\"><\/div>\n\t\t<\/div>\n\t\t\t\t\t\t<\/div>\n\t\t\t\t<\/div>\n\t\t\t\t\t<\/div>\n\t\t<\/div>\n\t\t\t\t\t<\/div>\n\t\t<\/section>\n\t\t\t\t<section class=\"elementor-section elementor-top-section elementor-element elementor-element-c4eb189 elementor-section-boxed elementor-section-height-default elementor-section-height-default\" data-id=\"c4eb189\" data-element_type=\"section\" data-e-type=\"section\">\n\t\t\t\t\t\t<div class=\"elementor-container elementor-column-gap-default\">\n\t\t\t\t\t<div class=\"elementor-column elementor-col-100 elementor-top-column elementor-element elementor-element-955bb02\" data-id=\"955bb02\" data-element_type=\"column\" data-e-type=\"column\">\n\t\t\t<div class=\"elementor-widget-wrap elementor-element-populated\">\n\t\t\t\t\t\t<section class=\"elementor-section elementor-inner-section elementor-element elementor-element-a0f21be elementor-section-boxed elementor-section-height-default elementor-section-height-default\" data-id=\"a0f21be\" data-element_type=\"section\" data-e-type=\"section\">\n\t\t\t\t\t\t<div class=\"elementor-container elementor-column-gap-default\">\n\t\t\t\t\t<div class=\"elementor-column elementor-col-100 elementor-inner-column elementor-element elementor-element-f484878\" data-id=\"f484878\" data-element_type=\"column\" data-e-type=\"column\">\n\t\t\t<div class=\"elementor-widget-wrap elementor-element-populated\">\n\t\t\t\t\t\t<div class=\"elementor-element elementor-element-436a522 elementor-widget elementor-widget-heading\" data-id=\"436a522\" data-element_type=\"widget\" data-e-type=\"widget\" data-widget_type=\"heading.default\">\n\t\t\t\t<div class=\"elementor-widget-container\">\n\t\t\t\t\t<h2 class=\"elementor-heading-title elementor-size-default\">\u00a1CON\u00c9CTATE!<\/h2>\t\t\t\t<\/div>\n\t\t\t\t<\/div>\n\t\t\t\t\t<\/div>\n\t\t<\/div>\n\t\t\t\t\t<\/div>\n\t\t<\/section>\n\t\t\t\t\t<\/div>\n\t\t<\/div>\n\t\t\t\t\t<\/div>\n\t\t<\/section>\n\t\t<!-- dce invisible element 9ce5478 -->\t\t<section class=\"elementor-section elementor-top-section elementor-element elementor-element-3a87a10 elementor-section-boxed elementor-section-height-default elementor-section-height-default\" data-id=\"3a87a10\" data-element_type=\"section\" data-e-type=\"section\">\n\t\t\t\t\t\t<div class=\"elementor-container elementor-column-gap-default\">\n\t\t\t\t\t<div class=\"elementor-column elementor-col-50 elementor-top-column elementor-element elementor-element-f628031\" data-id=\"f628031\" data-element_type=\"column\" data-e-type=\"column\">\n\t\t\t<div class=\"elementor-widget-wrap elementor-element-populated\">\n\t\t\t\t\t\t<div class=\"elementor-element elementor-element-67eeddc elementor-widget elementor-widget-image\" data-id=\"67eeddc\" data-element_type=\"widget\" data-e-type=\"widget\" data-widget_type=\"image.default\">\n\t\t\t\t<div class=\"elementor-widget-container\">\n\t\t\t\t\t\t\t\t\t\t\t\t\t\t\t<img fetchpriority=\"high\" decoding=\"async\" width=\"800\" height=\"939\" src=\"https:\/\/the-campus.online\/wp-content\/uploads\/2023\/08\/AcademicaFormacionPlay-872x1024.png\" class=\"attachment-large size-large wp-image-3033\" alt=\"\" srcset=\"https:\/\/the-campus.online\/wp-content\/uploads\/2023\/08\/AcademicaFormacionPlay-872x1024.png 872w, https:\/\/the-campus.online\/wp-content\/uploads\/2023\/08\/AcademicaFormacionPlay-255x300.png 255w, https:\/\/the-campus.online\/wp-content\/uploads\/2023\/08\/AcademicaFormacionPlay-768x902.png 768w, https:\/\/the-campus.online\/wp-content\/uploads\/2023\/08\/AcademicaFormacionPlay-1308x1536.png 1308w, https:\/\/the-campus.online\/wp-content\/uploads\/2023\/08\/AcademicaFormacionPlay-1744x2048.png 1744w\" sizes=\"(max-width: 800px) 100vw, 800px\" \/>\t\t\t\t\t\t\t\t\t\t\t\t\t\t\t<\/div>\n\t\t\t\t<\/div>\n\t\t\t\t\t<\/div>\n\t\t<\/div>\n\t\t\t\t<div class=\"elementor-column elementor-col-50 elementor-top-column elementor-element elementor-element-af7b87c\" data-id=\"af7b87c\" data-element_type=\"column\" data-e-type=\"column\">\n\t\t\t<div class=\"elementor-widget-wrap elementor-element-populated\">\n\t\t\t\t\t\t<div class=\"elementor-element elementor-element-ad95c67 elementor-widget__width-auto elementor-absolute elementor-widget elementor-widget-text-editor\" data-id=\"ad95c67\" data-element_type=\"widget\" data-e-type=\"widget\" data-settings=\"{&quot;_position&quot;:&quot;absolute&quot;}\" data-widget_type=\"text-editor.default\">\n\t\t\t\t<div class=\"elementor-widget-container\">\n\t\t\t\t\t\t\t\t\t<h3>La Formaci\u00f3n tendr\u00e1 lugar los siguientes d\u00edas:<\/h3><h3><strong>* martes 12 de Septiembre de 18.00 a 19.00 horas\u00a0<\/strong><\/h3><h3><strong>* mi\u00e9rcoles 13 de Septiembre de 13.45 a 14.45 horas<\/strong><\/h3><h5>(Horario peninsular)<\/h5>\t\t\t\t\t\t\t\t<\/div>\n\t\t\t\t<\/div>\n\t\t\t\t\t<\/div>\n\t\t<\/div>\n\t\t\t\t\t<\/div>\n\t\t<\/section>\n\t\t\t\t<section class=\"elementor-section elementor-top-section elementor-element elementor-element-01ba7a9 elementor-section-boxed elementor-section-height-default elementor-section-height-default\" data-id=\"01ba7a9\" data-element_type=\"section\" data-e-type=\"section\">\n\t\t\t\t\t\t<div class=\"elementor-container elementor-column-gap-default\">\n\t\t\t\t\t<div class=\"elementor-column elementor-col-100 elementor-top-column elementor-element elementor-element-a3623a5\" data-id=\"a3623a5\" data-element_type=\"column\" data-e-type=\"column\">\n\t\t\t<div class=\"elementor-widget-wrap elementor-element-populated\">\n\t\t\t\t\t\t<div class=\"elementor-element elementor-element-908e406 elementor-widget elementor-widget-image\" data-id=\"908e406\" data-element_type=\"widget\" data-e-type=\"widget\" data-widget_type=\"image.default\">\n\t\t\t\t<div class=\"elementor-widget-container\">\n\t\t\t\t\t\t\t\t\t\t\t\t\t\t\t\t<a href=\"https:\/\/the-campus.online\/en\/\" target=\"_blank\">\n\t\t\t\t\t\t\t<img decoding=\"async\" src=\"https:\/\/the-campus.online\/wp-content\/uploads\/2021\/03\/powered-by.png\" title=\"powered-by\" alt=\"powered-by\" loading=\"lazy\" \/>\t\t\t\t\t\t\t\t<\/a>\n\t\t\t\t\t\t\t\t\t\t\t\t\t\t\t<\/div>\n\t\t\t\t<\/div>\n\t\t\t\t\t<\/div>\n\t\t<\/div>\n\t\t\t\t\t<\/div>\n\t\t<\/section>\n\t\t\t\t<\/div>","protected":false},"excerpt":{"rendered":"<p>\u00a1CON\u00c9CTATE! La Formaci\u00f3n tendr\u00e1 lugar los siguientes d\u00edas: * martes 12 de Septiembre de 18.00 a 19.00 horas\u00a0 * mi\u00e9rcoles 13 de Septiembre de 13.45 a 14.45 horas (Horario peninsular)<\/p>","protected":false},"author":8,"featured_media":0,"parent":0,"menu_order":0,"comment_status":"closed","ping_status":"closed","template":"elementor_canvas","meta":{"om_disable_all_campaigns":false,"_monsterinsights_skip_tracking":false,"_monsterinsights_sitenote_active":false,"_monsterinsights_sitenote_note":"","_monsterinsights_sitenote_category":0,"footnotes":""},"class_list":["post-3115","page","type-page","status-publish","hentry"],"aioseo_notices":[],"_links":{"self":[{"href":"https:\/\/the-campus.online\/en\/wp-json\/wp\/v2\/pages\/3115","targetHints":{"allow":["GET"]}}],"collection":[{"href":"https:\/\/the-campus.online\/en\/wp-json\/wp\/v2\/pages"}],"about":[{"href":"https:\/\/the-campus.online\/en\/wp-json\/wp\/v2\/types\/page"}],"author":[{"embeddable":true,"href":"https:\/\/the-campus.online\/en\/wp-json\/wp\/v2\/users\/8"}],"replies":[{"embeddable":true,"href":"https:\/\/the-campus.online\/en\/wp-json\/wp\/v2\/comments?post=3115"}],"version-history":[{"count":49,"href":"https:\/\/the-campus.online\/en\/wp-json\/wp\/v2\/pages\/3115\/revisions"}],"predecessor-version":[{"id":3252,"href":"https:\/\/the-campus.online\/en\/wp-json\/wp\/v2\/pages\/3115\/revisions\/3252"}],"wp:attachment":[{"href":"https:\/\/the-campus.online\/en\/wp-json\/wp\/v2\/media?parent=3115"}],"curies":[{"name":"wp","href":"https:\/\/api.w.org\/{rel}","templated":true}]}}