{"id":3812,"date":"2024-03-14T14:46:30","date_gmt":"2024-03-14T13:46:30","guid":{"rendered":"https:\/\/the-campus.online\/?page_id=3812"},"modified":"2024-06-12T11:30:58","modified_gmt":"2024-06-12T09:30:58","slug":"juan-fernandez-miranda-academica","status":"publish","type":"page","link":"https:\/\/the-campus.online\/en\/juan-fernandez-miranda-academica\/","title":{"rendered":"Juan Fern\u00e1ndez-Miranda &#8211; Academica"},"content":{"rendered":"<div data-elementor-type=\"wp-page\" data-elementor-id=\"3812\" class=\"elementor elementor-3812\" data-elementor-post-type=\"page\">\n\t\t\t\t\t\t<section class=\"elementor-section elementor-top-section elementor-element elementor-element-0d7585d elementor-section-boxed elementor-section-height-default elementor-section-height-default\" data-id=\"0d7585d\" data-element_type=\"section\" data-e-type=\"section\" data-settings=\"{&quot;background_background&quot;:&quot;classic&quot;}\">\n\t\t\t\t\t\t<div class=\"elementor-container elementor-column-gap-default\">\n\t\t\t\t\t<div class=\"elementor-column elementor-col-100 elementor-top-column elementor-element elementor-element-809111d\" data-id=\"809111d\" data-element_type=\"column\" data-e-type=\"column\">\n\t\t\t<div class=\"elementor-widget-wrap\">\n\t\t\t\t\t\t\t<\/div>\n\t\t<\/div>\n\t\t\t\t\t<\/div>\n\t\t<\/section>\n\t\t\t\t<section class=\"elementor-section elementor-top-section elementor-element elementor-element-92c17c2 elementor-section-full_width elementor-section-height-default elementor-section-height-default\" data-id=\"92c17c2\" data-element_type=\"section\" data-e-type=\"section\">\n\t\t\t\t\t\t<div class=\"elementor-container elementor-column-gap-default\">\n\t\t\t\t\t<div class=\"elementor-column elementor-col-100 elementor-top-column elementor-element elementor-element-e4c08c5\" data-id=\"e4c08c5\" data-element_type=\"column\" data-e-type=\"column\">\n\t\t\t<div class=\"elementor-widget-wrap elementor-element-populated\">\n\t\t\t\t\t\t<section class=\"elementor-section elementor-inner-section elementor-element elementor-element-c33fcd6 elementor-section-full_width elementor-section-height-default elementor-section-height-default\" data-id=\"c33fcd6\" data-element_type=\"section\" data-e-type=\"section\">\n\t\t\t\t\t\t<div class=\"elementor-container elementor-column-gap-default\">\n\t\t\t\t\t<div class=\"elementor-column elementor-col-33 elementor-inner-column elementor-element elementor-element-641f408\" data-id=\"641f408\" data-element_type=\"column\" data-e-type=\"column\">\n\t\t\t<div class=\"elementor-widget-wrap elementor-element-populated\">\n\t\t\t\t\t\t<div class=\"elementor-element elementor-element-2f38fb1 elementor-widget elementor-widget-text-editor\" data-id=\"2f38fb1\" data-element_type=\"widget\" data-e-type=\"widget\" data-widget_type=\"text-editor.default\">\n\t\t\t\t<div class=\"elementor-widget-container\">\n\t\t\t\t\t\t\t\t\t<p><span style=\"color: #2a564a;\"><a style=\"color: #2a564a;\" href=\"https:\/\/the-campus.online\/en\/jornadas-meeting-your-future-22-23\/\"><strong>Meeting Your Future<\/strong><\/a><\/span><\/p>\t\t\t\t\t\t\t\t<\/div>\n\t\t\t\t<\/div>\n\t\t\t\t\t<\/div>\n\t\t<\/div>\n\t\t\t\t<div class=\"elementor-column elementor-col-33 elementor-inner-column elementor-element elementor-element-8150759\" data-id=\"8150759\" data-element_type=\"column\" data-e-type=\"column\">\n\t\t\t<div class=\"elementor-widget-wrap\">\n\t\t\t\t\t\t\t<\/div>\n\t\t<\/div>\n\t\t\t\t<div class=\"elementor-column elementor-col-33 elementor-inner-column elementor-element elementor-element-5441bdf\" data-id=\"5441bdf\" data-element_type=\"column\" data-e-type=\"column\">\n\t\t\t<div class=\"elementor-widget-wrap\">\n\t\t\t\t\t\t\t<\/div>\n\t\t<\/div>\n\t\t\t\t\t<\/div>\n\t\t<\/section>\n\t\t\t\t\t<\/div>\n\t\t<\/div>\n\t\t\t\t\t<\/div>\n\t\t<\/section>\n\t\t\t\t<section class=\"elementor-section elementor-top-section elementor-element elementor-element-d0d94bb elementor-section-boxed elementor-section-height-default elementor-section-height-default\" data-id=\"d0d94bb\" data-element_type=\"section\" data-e-type=\"section\" data-settings=\"{&quot;background_background&quot;:&quot;classic&quot;}\">\n\t\t\t\t\t\t<div class=\"elementor-container elementor-column-gap-default\">\n\t\t\t\t\t<div class=\"elementor-column elementor-col-100 elementor-top-column elementor-element elementor-element-cbd70f2\" data-id=\"cbd70f2\" data-element_type=\"column\" data-e-type=\"column\">\n\t\t\t<div class=\"elementor-widget-wrap elementor-element-populated\">\n\t\t\t\t\t\t<section class=\"elementor-section elementor-inner-section elementor-element elementor-element-731f16d elementor-section-boxed elementor-section-height-default elementor-section-height-default\" data-id=\"731f16d\" data-element_type=\"section\" data-e-type=\"section\">\n\t\t\t\t\t\t<div class=\"elementor-container elementor-column-gap-default\">\n\t\t\t\t\t<div class=\"elementor-column elementor-col-100 elementor-inner-column elementor-element elementor-element-52950bd\" data-id=\"52950bd\" data-element_type=\"column\" data-e-type=\"column\">\n\t\t\t<div class=\"elementor-widget-wrap elementor-element-populated\">\n\t\t\t\t\t\t<div class=\"elementor-element elementor-element-01cec84 elementor-widget elementor-widget-heading\" data-id=\"01cec84\" data-element_type=\"widget\" data-e-type=\"widget\" data-widget_type=\"heading.default\">\n\t\t\t\t<div class=\"elementor-widget-container\">\n\t\t\t\t\t<h4 class=\"elementor-heading-title elementor-size-medium\">Jornadas Meeting Your Future<br><\/h4>\t\t\t\t<\/div>\n\t\t\t\t<\/div>\n\t\t\t\t\t<\/div>\n\t\t<\/div>\n\t\t\t\t\t<\/div>\n\t\t<\/section>\n\t\t\t\t<div class=\"elementor-element elementor-element-d0f946b elementor-widget-divider--view-line elementor-widget elementor-widget-divider\" data-id=\"d0f946b\" data-element_type=\"widget\" data-e-type=\"widget\" data-widget_type=\"divider.default\">\n\t\t\t\t<div class=\"elementor-widget-container\">\n\t\t\t\t\t\t\t<div class=\"elementor-divider\">\n\t\t\t<span class=\"elementor-divider-separator\">\n\t\t\t\t\t\t<\/span>\n\t\t<\/div>\n\t\t\t\t\t\t<\/div>\n\t\t\t\t<\/div>\n\t\t\t\t<section class=\"elementor-section elementor-inner-section elementor-element elementor-element-123b88a elementor-section-boxed elementor-section-height-default elementor-section-height-default\" data-id=\"123b88a\" data-element_type=\"section\" data-e-type=\"section\">\n\t\t\t\t\t\t<div class=\"elementor-container elementor-column-gap-default\">\n\t\t\t\t\t<div class=\"elementor-column elementor-col-100 elementor-inner-column elementor-element elementor-element-efbb585\" data-id=\"efbb585\" data-element_type=\"column\" data-e-type=\"column\">\n\t\t\t<div class=\"elementor-widget-wrap elementor-element-populated\">\n\t\t\t\t\t\t<div class=\"elementor-element elementor-element-d7129a5 elementor-widget elementor-widget-text-editor\" data-id=\"d7129a5\" data-element_type=\"widget\" data-e-type=\"widget\" data-widget_type=\"text-editor.default\">\n\t\t\t\t<div class=\"elementor-widget-container\">\n\t\t\t\t\t\t\t\t\t<h1><strong>Invitado: Juan Fern\u00e1ndez-Miranda<br \/><\/strong><\/h1><p>Viernes 12 Abril 2024 a las 12 horas<\/p>\t\t\t\t\t\t\t\t<\/div>\n\t\t\t\t<\/div>\n\t\t\t\t\t<\/div>\n\t\t<\/div>\n\t\t\t\t\t<\/div>\n\t\t<\/section>\n\t\t\t\t\t<\/div>\n\t\t<\/div>\n\t\t\t\t\t<\/div>\n\t\t<\/section>\n\t\t\t\t<section class=\"elementor-section elementor-top-section elementor-element elementor-element-3127b14 elementor-section-content-middle elementor-section-boxed elementor-section-height-default elementor-section-height-default\" data-id=\"3127b14\" data-element_type=\"section\" data-e-type=\"section\">\n\t\t\t\t\t\t<div class=\"elementor-container elementor-column-gap-default\">\n\t\t\t\t\t<div class=\"elementor-column elementor-col-50 elementor-top-column elementor-element elementor-element-8883ab1\" data-id=\"8883ab1\" data-element_type=\"column\" data-e-type=\"column\">\n\t\t\t<div class=\"elementor-widget-wrap elementor-element-populated\">\n\t\t\t\t\t\t<div class=\"elementor-element elementor-element-33aeb31 elementor-widget elementor-widget-image\" data-id=\"33aeb31\" data-element_type=\"widget\" data-e-type=\"widget\" data-widget_type=\"image.default\">\n\t\t\t\t<div class=\"elementor-widget-container\">\n\t\t\t\t\t\t\t\t\t\t\t\t\t\t\t<img fetchpriority=\"high\" decoding=\"async\" width=\"400\" height=\"156\" src=\"https:\/\/the-campus.online\/wp-content\/uploads\/2021\/04\/Logo-AIS_fondo-verde.png\" class=\"attachment-full size-full wp-image-478\" alt=\"\" srcset=\"https:\/\/the-campus.online\/wp-content\/uploads\/2021\/04\/Logo-AIS_fondo-verde.png 400w, https:\/\/the-campus.online\/wp-content\/uploads\/2021\/04\/Logo-AIS_fondo-verde-300x117.png 300w\" sizes=\"(max-width: 400px) 100vw, 400px\" \/>\t\t\t\t\t\t\t\t\t\t\t\t\t\t\t<\/div>\n\t\t\t\t<\/div>\n\t\t\t\t\t<\/div>\n\t\t<\/div>\n\t\t\t\t<div class=\"elementor-column elementor-col-50 elementor-top-column elementor-element elementor-element-3235e51\" data-id=\"3235e51\" data-element_type=\"column\" data-e-type=\"column\">\n\t\t\t<div class=\"elementor-widget-wrap elementor-element-populated\">\n\t\t\t\t\t\t<div class=\"elementor-element elementor-element-4b41ce9 elementor-widget elementor-widget-image\" data-id=\"4b41ce9\" data-element_type=\"widget\" data-e-type=\"widget\" data-widget_type=\"image.default\">\n\t\t\t\t<div class=\"elementor-widget-container\">\n\t\t\t\t\t\t\t\t\t\t\t\t\t\t\t<img decoding=\"async\" width=\"400\" height=\"154\" src=\"https:\/\/the-campus.online\/wp-content\/uploads\/2021\/04\/Logo-ABC.png\" class=\"attachment-full size-full wp-image-477\" alt=\"\" srcset=\"https:\/\/the-campus.online\/wp-content\/uploads\/2021\/04\/Logo-ABC.png 400w, https:\/\/the-campus.online\/wp-content\/uploads\/2021\/04\/Logo-ABC-300x116.png 300w\" sizes=\"(max-width: 400px) 100vw, 400px\" \/>\t\t\t\t\t\t\t\t\t\t\t\t\t\t\t<\/div>\n\t\t\t\t<\/div>\n\t\t\t\t\t<\/div>\n\t\t<\/div>\n\t\t\t\t\t<\/div>\n\t\t<\/section>\n\t\t\t\t<section class=\"elementor-section elementor-top-section elementor-element elementor-element-88a102c elementor-section-boxed elementor-section-height-default elementor-section-height-default\" data-id=\"88a102c\" data-element_type=\"section\" data-e-type=\"section\">\n\t\t\t\t\t\t<div class=\"elementor-container elementor-column-gap-default\">\n\t\t\t\t\t<div class=\"elementor-column elementor-col-100 elementor-top-column elementor-element elementor-element-9418ef0\" data-id=\"9418ef0\" data-element_type=\"column\" data-e-type=\"column\">\n\t\t\t<div class=\"elementor-widget-wrap elementor-element-populated\">\n\t\t\t\t\t\t<div class=\"elementor-element elementor-element-5535240 elementor-widget elementor-widget-text-editor\" data-id=\"5535240\" data-element_type=\"widget\" data-e-type=\"widget\" data-widget_type=\"text-editor.default\">\n\t\t\t\t<div class=\"elementor-widget-container\">\n\t\t\t\t\t\t\t\t\t<p><em><strong>From &amp; For Education<\/strong><\/em><\/p>\t\t\t\t\t\t\t\t<\/div>\n\t\t\t\t<\/div>\n\t\t\t\t\t<\/div>\n\t\t<\/div>\n\t\t\t\t\t<\/div>\n\t\t<\/section>\n\t\t\t\t<section class=\"elementor-section elementor-top-section elementor-element elementor-element-f504cfd elementor-section-boxed elementor-section-height-default elementor-section-height-default\" data-id=\"f504cfd\" data-element_type=\"section\" data-e-type=\"section\" data-settings=\"{&quot;background_background&quot;:&quot;classic&quot;}\">\n\t\t\t\t\t\t<div class=\"elementor-container elementor-column-gap-default\">\n\t\t\t\t\t<div class=\"elementor-column elementor-col-100 elementor-top-column elementor-element elementor-element-c27843a\" data-id=\"c27843a\" data-element_type=\"column\" data-e-type=\"column\">\n\t\t\t<div class=\"elementor-widget-wrap elementor-element-populated\">\n\t\t\t\t\t\t<section class=\"elementor-section elementor-inner-section elementor-element elementor-element-06a8666 elementor-section-boxed elementor-section-height-default elementor-section-height-default\" data-id=\"06a8666\" data-element_type=\"section\" data-e-type=\"section\">\n\t\t\t\t\t\t<div class=\"elementor-container elementor-column-gap-default\">\n\t\t\t\t\t<div class=\"elementor-column elementor-col-50 elementor-inner-column elementor-element elementor-element-b7d904e\" data-id=\"b7d904e\" data-element_type=\"column\" data-e-type=\"column\">\n\t\t\t<div class=\"elementor-widget-wrap elementor-element-populated\">\n\t\t\t\t\t\t<div class=\"elementor-element elementor-element-f226700 elementor-widget elementor-widget-image\" data-id=\"f226700\" data-element_type=\"widget\" data-e-type=\"widget\" data-widget_type=\"image.default\">\n\t\t\t\t<div class=\"elementor-widget-container\">\n\t\t\t\t\t\t\t\t\t\t\t\t\t\t\t<img decoding=\"async\" width=\"700\" height=\"977\" src=\"https:\/\/the-campus.online\/wp-content\/uploads\/2024\/03\/Juan-Fernandez-Miranda.jpg\" class=\"attachment-medium_large size-medium_large wp-image-3730\" alt=\"\" srcset=\"https:\/\/the-campus.online\/wp-content\/uploads\/2024\/03\/Juan-Fernandez-Miranda.jpg 700w, https:\/\/the-campus.online\/wp-content\/uploads\/2024\/03\/Juan-Fernandez-Miranda-215x300.jpg 215w\" sizes=\"(max-width: 700px) 100vw, 700px\" \/>\t\t\t\t\t\t\t\t\t\t\t\t\t\t\t<\/div>\n\t\t\t\t<\/div>\n\t\t\t\t\t<\/div>\n\t\t<\/div>\n\t\t\t\t<div class=\"elementor-column elementor-col-50 elementor-inner-column elementor-element elementor-element-7dfcc4e\" data-id=\"7dfcc4e\" data-element_type=\"column\" data-e-type=\"column\">\n\t\t\t<div class=\"elementor-widget-wrap elementor-element-populated\">\n\t\t\t\t\t\t<div class=\"elementor-element elementor-element-86e7ac6 elementor-widget elementor-widget-text-editor\" data-id=\"86e7ac6\" data-element_type=\"widget\" data-e-type=\"widget\" data-widget_type=\"text-editor.default\">\n\t\t\t\t<div class=\"elementor-widget-container\">\n\t\t\t\t\t\t\t\t\t<p>Juan Fern\u00e1ndez-Miranda<\/p>\t\t\t\t\t\t\t\t<\/div>\n\t\t\t\t<\/div>\n\t\t\t\t<div class=\"elementor-element elementor-element-8c4a9d7 elementor-widget elementor-widget-text-editor\" data-id=\"8c4a9d7\" data-element_type=\"widget\" data-e-type=\"widget\" data-widget_type=\"text-editor.default\">\n\t\t\t\t<div class=\"elementor-widget-container\">\n\t\t\t\t\t\t\t\t\t<div class=\"page\" title=\"Page 1\"><div class=\"layoutArea\"><blockquote><div dir=\"ltr\"><div><blockquote class=\"\"><div class=\"\"><div class=\"\" dir=\"ltr\"><div class=\"\"><div class=\"\">Adjunto al director de <em class=\"\">ABC<\/em>, donde tambi\u00e9n es responsable de la secci\u00f3n de Espa\u00f1a desde 2015.\u00a0<\/div><div class=\"\">\u00a0<\/div><div class=\"\">Licenciado en Periodismo (1997-2002) por la Universidad Complutense de Madrid y la Universidad Francisco de Vitoria, ha trabajado en agencias de noticias, prensa, radio y televisi\u00f3n y es colaborador habitual en programas de pol\u00edtica y de tribunales. En la actualidad colabora semanalmente en programas de Televisi\u00f3n Espa\u00f1ola, Radio Nacional, Es Radio, Telemadrid, Onda Madrid y Canal Sur.\u00a0<\/div><div class=\"\">\u00a0<\/div><div class=\"\">Ha escrito dos libros: <em class=\"\">El guionista de la Transici\u00f3n, el profesor del Rey\u00a0<\/em>(Plaza&amp;Jan\u00e9s, 2015), una biograf\u00eda de Torcuato Fern\u00e1ndez-Miranda -su t\u00edo abuelo-, que fue prologado por el Rey Juan Carlos; y <em class=\"\">Don Juan contra Franco<\/em>\u00a0(Plaza&amp;Jan\u00e9s, 2018), un relato de la conspiraci\u00f3n mon\u00e1rquica que trat\u00f3 de sustituir a Franco en los a\u00f1os 40. Adem\u00e1s, fue uno de los autores de <em class=\"\">Espa\u00f1a constitucional (1978-2018)<\/em>. <em class=\"\">Trayectorias y perspectivas<\/em>, editada por el Centro de Estudios Pol\u00edticos y Constitucionales (CEPC) con motivo del 40 aniversario de la Constituci\u00f3n Espa\u00f1ola.\u00a0\u00a0<\/div><div class=\"\"><div class=\"gmail_signature\" dir=\"ltr\" data-smartmail=\"gmail_signature\">\u00a0<\/div><\/div><\/div><\/div><\/div><\/blockquote><\/div><\/div><\/blockquote><\/div><\/div>\t\t\t\t\t\t\t\t<\/div>\n\t\t\t\t<\/div>\n\t\t\t\t\t<\/div>\n\t\t<\/div>\n\t\t\t\t\t<\/div>\n\t\t<\/section>\n\t\t\t\t\t<\/div>\n\t\t<\/div>\n\t\t\t\t\t<\/div>\n\t\t<\/section>\n\t\t\t\t<section class=\"elementor-section elementor-top-section elementor-element elementor-element-ff90a6a elementor-section-boxed elementor-section-height-default elementor-section-height-default\" data-id=\"ff90a6a\" data-element_type=\"section\" data-e-type=\"section\">\n\t\t\t\t\t\t<div class=\"elementor-container elementor-column-gap-default\">\n\t\t\t\t\t<div class=\"elementor-column elementor-col-100 elementor-top-column elementor-element elementor-element-352b0f0\" data-id=\"352b0f0\" data-element_type=\"column\" data-e-type=\"column\">\n\t\t\t<div class=\"elementor-widget-wrap elementor-element-populated\">\n\t\t\t\t\t\t<div class=\"elementor-element elementor-element-c6a4ac1 elementor-align-center elementor-widget elementor-widget-button\" data-id=\"c6a4ac1\" data-element_type=\"widget\" data-e-type=\"widget\" data-widget_type=\"button.default\">\n\t\t\t\t<div class=\"elementor-widget-container\">\n\t\t\t\t\t\t\t\t\t<div class=\"elementor-button-wrapper\">\n\t\t\t\t\t<a class=\"elementor-button elementor-button-link elementor-size-lg\" href=\"https:\/\/www.abc.es\/content-local\/myt-juan-fernandez-miranda\/\">\n\t\t\t\t\t\t<span class=\"elementor-button-content-wrapper\">\n\t\t\t\t\t\t\t\t\t<span class=\"elementor-button-text\">Ver m\u00e1s detalles del desarrollo de la Jornada en ABC<\/span>\n\t\t\t\t\t<\/span>\n\t\t\t\t\t<\/a>\n\t\t\t\t<\/div>\n\t\t\t\t\t\t\t\t<\/div>\n\t\t\t\t<\/div>\n\t\t\t\t\t<\/div>\n\t\t<\/div>\n\t\t\t\t\t<\/div>\n\t\t<\/section>\n\t\t<!-- dce invisible element 756500f --><!-- dce invisible element 2fc36cd --><!-- dce invisible element 211aede --><!-- dce invisible element d6056af -->\t\t<section class=\"elementor-section elementor-top-section elementor-element elementor-element-25fe3c5 elementor-section-boxed elementor-section-height-default elementor-section-height-default\" data-id=\"25fe3c5\" data-element_type=\"section\" data-e-type=\"section\" data-settings=\"{&quot;background_background&quot;:&quot;classic&quot;}\">\n\t\t\t\t\t\t<div class=\"elementor-container elementor-column-gap-default\">\n\t\t\t\t\t<div class=\"elementor-column elementor-col-100 elementor-top-column elementor-element elementor-element-4de1c18\" data-id=\"4de1c18\" data-element_type=\"column\" data-e-type=\"column\">\n\t\t\t<div class=\"elementor-widget-wrap elementor-element-populated\">\n\t\t\t\t\t\t<div class=\"elementor-element elementor-element-ca69294 elementor-widget elementor-widget-image\" data-id=\"ca69294\" data-element_type=\"widget\" data-e-type=\"widget\" data-widget_type=\"image.default\">\n\t\t\t\t<div class=\"elementor-widget-container\">\n\t\t\t\t\t\t\t\t\t\t\t\t\t\t\t\t<a href=\"https:\/\/the-campus.online\/en\/\" target=\"_blank\">\n\t\t\t\t\t\t\t<img decoding=\"async\" src=\"https:\/\/the-campus.online\/wp-content\/uploads\/2021\/03\/powered-by.png\" title=\"powered-by\" alt=\"powered-by\" loading=\"lazy\" \/>\t\t\t\t\t\t\t\t<\/a>\n\t\t\t\t\t\t\t\t\t\t\t\t\t\t\t<\/div>\n\t\t\t\t<\/div>\n\t\t\t\t\t<\/div>\n\t\t<\/div>\n\t\t\t\t\t<\/div>\n\t\t<\/section>\n\t\t\t\t<\/div>","protected":false},"excerpt":{"rendered":"<p>Meeting Your Future Jornadas Meeting Your Future Invitado: Juan Fern\u00e1ndez-Miranda Viernes 12 Abril 2024 a las 12 horas From &amp; For Education Juan Fern\u00e1ndez-Miranda Adjunto al director de ABC, donde tambi\u00e9n es responsable de la secci\u00f3n de Espa\u00f1a desde 2015.\u00a0\u00a0Licenciado en Periodismo (1997-2002) por la Universidad Complutense de Madrid y la Universidad Francisco de Vitoria, [&hellip;]<\/p>\n","protected":false},"author":8,"featured_media":273,"parent":0,"menu_order":0,"comment_status":"closed","ping_status":"closed","template":"elementor_canvas","meta":{"om_disable_all_campaigns":false,"_monsterinsights_skip_tracking":false,"_monsterinsights_sitenote_active":false,"_monsterinsights_sitenote_note":"","_monsterinsights_sitenote_category":0,"footnotes":""},"class_list":["post-3812","page","type-page","status-publish","has-post-thumbnail","hentry"],"aioseo_notices":[],"_links":{"self":[{"href":"https:\/\/the-campus.online\/en\/wp-json\/wp\/v2\/pages\/3812","targetHints":{"allow":["GET"]}}],"collection":[{"href":"https:\/\/the-campus.online\/en\/wp-json\/wp\/v2\/pages"}],"about":[{"href":"https:\/\/the-campus.online\/en\/wp-json\/wp\/v2\/types\/page"}],"author":[{"embeddable":true,"href":"https:\/\/the-campus.online\/en\/wp-json\/wp\/v2\/users\/8"}],"replies":[{"embeddable":true,"href":"https:\/\/the-campus.online\/en\/wp-json\/wp\/v2\/comments?post=3812"}],"version-history":[{"count":30,"href":"https:\/\/the-campus.online\/en\/wp-json\/wp\/v2\/pages\/3812\/revisions"}],"predecessor-version":[{"id":4523,"href":"https:\/\/the-campus.online\/en\/wp-json\/wp\/v2\/pages\/3812\/revisions\/4523"}],"wp:featuredmedia":[{"embeddable":true,"href":"https:\/\/the-campus.online\/en\/wp-json\/wp\/v2\/media\/273"}],"wp:attachment":[{"href":"https:\/\/the-campus.online\/en\/wp-json\/wp\/v2\/media?parent=3812"}],"curies":[{"name":"wp","href":"https:\/\/api.w.org\/{rel}","templated":true}]}}