{"id":3855,"date":"2024-03-15T11:01:00","date_gmt":"2024-03-15T10:01:00","guid":{"rendered":"https:\/\/the-campus.online\/?page_id=3855"},"modified":"2024-06-12T11:22:33","modified_gmt":"2024-06-12T09:22:33","slug":"sara-garcia-alonso","status":"publish","type":"page","link":"https:\/\/the-campus.online\/en\/sara-garcia-alonso\/","title":{"rendered":"Sara Garc\u00eda Alonso"},"content":{"rendered":"<div data-elementor-type=\"wp-page\" data-elementor-id=\"3855\" class=\"elementor elementor-3855\" data-elementor-post-type=\"page\">\n\t\t\t\t\t\t<section class=\"elementor-section elementor-top-section elementor-element elementor-element-0d7585d elementor-section-boxed elementor-section-height-default elementor-section-height-default\" data-id=\"0d7585d\" data-element_type=\"section\" data-e-type=\"section\" data-settings=\"{&quot;background_background&quot;:&quot;classic&quot;}\">\n\t\t\t\t\t\t<div class=\"elementor-container elementor-column-gap-default\">\n\t\t\t\t\t<div class=\"elementor-column elementor-col-100 elementor-top-column elementor-element elementor-element-809111d\" data-id=\"809111d\" data-element_type=\"column\" data-e-type=\"column\">\n\t\t\t<div class=\"elementor-widget-wrap\">\n\t\t\t\t\t\t\t<\/div>\n\t\t<\/div>\n\t\t\t\t\t<\/div>\n\t\t<\/section>\n\t\t\t\t<section class=\"elementor-section elementor-top-section elementor-element elementor-element-92c17c2 elementor-section-full_width elementor-section-height-default elementor-section-height-default\" data-id=\"92c17c2\" data-element_type=\"section\" data-e-type=\"section\">\n\t\t\t\t\t\t<div class=\"elementor-container elementor-column-gap-default\">\n\t\t\t\t\t<div class=\"elementor-column elementor-col-100 elementor-top-column elementor-element elementor-element-e4c08c5\" data-id=\"e4c08c5\" data-element_type=\"column\" data-e-type=\"column\">\n\t\t\t<div class=\"elementor-widget-wrap elementor-element-populated\">\n\t\t\t\t\t\t<section class=\"elementor-section elementor-inner-section elementor-element elementor-element-c33fcd6 elementor-section-full_width elementor-section-height-default elementor-section-height-default\" data-id=\"c33fcd6\" data-element_type=\"section\" data-e-type=\"section\">\n\t\t\t\t\t\t<div class=\"elementor-container elementor-column-gap-default\">\n\t\t\t\t\t<div class=\"elementor-column elementor-col-33 elementor-inner-column elementor-element elementor-element-641f408\" data-id=\"641f408\" data-element_type=\"column\" data-e-type=\"column\">\n\t\t\t<div class=\"elementor-widget-wrap elementor-element-populated\">\n\t\t\t\t\t\t<div class=\"elementor-element elementor-element-2f38fb1 elementor-widget elementor-widget-text-editor\" data-id=\"2f38fb1\" data-element_type=\"widget\" data-e-type=\"widget\" data-widget_type=\"text-editor.default\">\n\t\t\t\t<div class=\"elementor-widget-container\">\n\t\t\t\t\t\t\t\t\t<p><span style=\"color: #2a564a;\"><a style=\"color: #2a564a;\" href=\"https:\/\/the-campus.online\/en\/jornadas-meeting-your-future-22-23\/\"><strong>Meeting Your Future<\/strong><\/a><\/span><\/p>\t\t\t\t\t\t\t\t<\/div>\n\t\t\t\t<\/div>\n\t\t\t\t\t<\/div>\n\t\t<\/div>\n\t\t\t\t<div class=\"elementor-column elementor-col-33 elementor-inner-column elementor-element elementor-element-8150759\" data-id=\"8150759\" data-element_type=\"column\" data-e-type=\"column\">\n\t\t\t<div class=\"elementor-widget-wrap\">\n\t\t\t\t\t\t\t<\/div>\n\t\t<\/div>\n\t\t\t\t<div class=\"elementor-column elementor-col-33 elementor-inner-column elementor-element elementor-element-5441bdf\" data-id=\"5441bdf\" data-element_type=\"column\" data-e-type=\"column\">\n\t\t\t<div class=\"elementor-widget-wrap\">\n\t\t\t\t\t\t\t<\/div>\n\t\t<\/div>\n\t\t\t\t\t<\/div>\n\t\t<\/section>\n\t\t\t\t\t<\/div>\n\t\t<\/div>\n\t\t\t\t\t<\/div>\n\t\t<\/section>\n\t\t\t\t<section class=\"elementor-section elementor-top-section elementor-element elementor-element-d0d94bb elementor-section-boxed elementor-section-height-default elementor-section-height-default\" data-id=\"d0d94bb\" data-element_type=\"section\" data-e-type=\"section\" data-settings=\"{&quot;background_background&quot;:&quot;classic&quot;}\">\n\t\t\t\t\t\t<div class=\"elementor-container elementor-column-gap-default\">\n\t\t\t\t\t<div class=\"elementor-column elementor-col-100 elementor-top-column elementor-element elementor-element-cbd70f2\" data-id=\"cbd70f2\" data-element_type=\"column\" data-e-type=\"column\">\n\t\t\t<div class=\"elementor-widget-wrap elementor-element-populated\">\n\t\t\t\t\t\t<section class=\"elementor-section elementor-inner-section elementor-element elementor-element-731f16d elementor-section-boxed elementor-section-height-default elementor-section-height-default\" data-id=\"731f16d\" data-element_type=\"section\" data-e-type=\"section\">\n\t\t\t\t\t\t<div class=\"elementor-container elementor-column-gap-default\">\n\t\t\t\t\t<div class=\"elementor-column elementor-col-100 elementor-inner-column elementor-element elementor-element-52950bd\" data-id=\"52950bd\" data-element_type=\"column\" data-e-type=\"column\">\n\t\t\t<div class=\"elementor-widget-wrap elementor-element-populated\">\n\t\t\t\t\t\t<div class=\"elementor-element elementor-element-01cec84 elementor-widget elementor-widget-heading\" data-id=\"01cec84\" data-element_type=\"widget\" data-e-type=\"widget\" data-widget_type=\"heading.default\">\n\t\t\t\t<div class=\"elementor-widget-container\">\n\t\t\t\t\t<h4 class=\"elementor-heading-title elementor-size-medium\">Jornadas Meeting Your Future<br><\/h4>\t\t\t\t<\/div>\n\t\t\t\t<\/div>\n\t\t\t\t\t<\/div>\n\t\t<\/div>\n\t\t\t\t\t<\/div>\n\t\t<\/section>\n\t\t\t\t<div class=\"elementor-element elementor-element-d0f946b elementor-widget-divider--view-line elementor-widget elementor-widget-divider\" data-id=\"d0f946b\" data-element_type=\"widget\" data-e-type=\"widget\" data-widget_type=\"divider.default\">\n\t\t\t\t<div class=\"elementor-widget-container\">\n\t\t\t\t\t\t\t<div class=\"elementor-divider\">\n\t\t\t<span class=\"elementor-divider-separator\">\n\t\t\t\t\t\t<\/span>\n\t\t<\/div>\n\t\t\t\t\t\t<\/div>\n\t\t\t\t<\/div>\n\t\t\t\t<section class=\"elementor-section elementor-inner-section elementor-element elementor-element-123b88a elementor-section-boxed elementor-section-height-default elementor-section-height-default\" data-id=\"123b88a\" data-element_type=\"section\" data-e-type=\"section\">\n\t\t\t\t\t\t<div class=\"elementor-container elementor-column-gap-default\">\n\t\t\t\t\t<div class=\"elementor-column elementor-col-100 elementor-inner-column elementor-element elementor-element-efbb585\" data-id=\"efbb585\" data-element_type=\"column\" data-e-type=\"column\">\n\t\t\t<div class=\"elementor-widget-wrap elementor-element-populated\">\n\t\t\t\t\t\t<div class=\"elementor-element elementor-element-d7129a5 elementor-widget elementor-widget-text-editor\" data-id=\"d7129a5\" data-element_type=\"widget\" data-e-type=\"widget\" data-widget_type=\"text-editor.default\">\n\t\t\t\t<div class=\"elementor-widget-container\">\n\t\t\t\t\t\t\t\t\t<h1><strong>Invitada: Sara Garc\u00eda Alonso<br \/><\/strong><\/h1><p>Jueves 6 Junio 2024 a las 12 horas<\/p>\t\t\t\t\t\t\t\t<\/div>\n\t\t\t\t<\/div>\n\t\t\t\t\t<\/div>\n\t\t<\/div>\n\t\t\t\t\t<\/div>\n\t\t<\/section>\n\t\t\t\t\t<\/div>\n\t\t<\/div>\n\t\t\t\t\t<\/div>\n\t\t<\/section>\n\t\t\t\t<section class=\"elementor-section elementor-top-section elementor-element elementor-element-3127b14 elementor-section-content-middle elementor-section-boxed elementor-section-height-default elementor-section-height-default\" data-id=\"3127b14\" data-element_type=\"section\" data-e-type=\"section\">\n\t\t\t\t\t\t<div class=\"elementor-container elementor-column-gap-default\">\n\t\t\t\t\t<div class=\"elementor-column elementor-col-50 elementor-top-column elementor-element elementor-element-8883ab1\" data-id=\"8883ab1\" data-element_type=\"column\" data-e-type=\"column\">\n\t\t\t<div class=\"elementor-widget-wrap elementor-element-populated\">\n\t\t\t\t\t\t<div class=\"elementor-element elementor-element-33aeb31 elementor-widget elementor-widget-image\" data-id=\"33aeb31\" data-element_type=\"widget\" data-e-type=\"widget\" data-widget_type=\"image.default\">\n\t\t\t\t<div class=\"elementor-widget-container\">\n\t\t\t\t\t\t\t\t\t\t\t\t\t\t\t<img fetchpriority=\"high\" decoding=\"async\" width=\"400\" height=\"156\" src=\"https:\/\/the-campus.online\/wp-content\/uploads\/2021\/04\/Logo-AIS_fondo-verde.png\" class=\"attachment-full size-full wp-image-478\" alt=\"\" srcset=\"https:\/\/the-campus.online\/wp-content\/uploads\/2021\/04\/Logo-AIS_fondo-verde.png 400w, https:\/\/the-campus.online\/wp-content\/uploads\/2021\/04\/Logo-AIS_fondo-verde-300x117.png 300w\" sizes=\"(max-width: 400px) 100vw, 400px\" \/>\t\t\t\t\t\t\t\t\t\t\t\t\t\t\t<\/div>\n\t\t\t\t<\/div>\n\t\t\t\t\t<\/div>\n\t\t<\/div>\n\t\t\t\t<div class=\"elementor-column elementor-col-50 elementor-top-column elementor-element elementor-element-3235e51\" data-id=\"3235e51\" data-element_type=\"column\" data-e-type=\"column\">\n\t\t\t<div class=\"elementor-widget-wrap elementor-element-populated\">\n\t\t\t\t\t\t<div class=\"elementor-element elementor-element-4b41ce9 elementor-widget elementor-widget-image\" data-id=\"4b41ce9\" data-element_type=\"widget\" data-e-type=\"widget\" data-widget_type=\"image.default\">\n\t\t\t\t<div class=\"elementor-widget-container\">\n\t\t\t\t\t\t\t\t\t\t\t\t\t\t\t<img decoding=\"async\" width=\"400\" height=\"154\" src=\"https:\/\/the-campus.online\/wp-content\/uploads\/2021\/04\/Logo-ABC.png\" class=\"attachment-full size-full wp-image-477\" alt=\"\" srcset=\"https:\/\/the-campus.online\/wp-content\/uploads\/2021\/04\/Logo-ABC.png 400w, https:\/\/the-campus.online\/wp-content\/uploads\/2021\/04\/Logo-ABC-300x116.png 300w\" sizes=\"(max-width: 400px) 100vw, 400px\" \/>\t\t\t\t\t\t\t\t\t\t\t\t\t\t\t<\/div>\n\t\t\t\t<\/div>\n\t\t\t\t\t<\/div>\n\t\t<\/div>\n\t\t\t\t\t<\/div>\n\t\t<\/section>\n\t\t\t\t<section class=\"elementor-section elementor-top-section elementor-element elementor-element-88a102c elementor-section-boxed elementor-section-height-default elementor-section-height-default\" data-id=\"88a102c\" data-element_type=\"section\" data-e-type=\"section\">\n\t\t\t\t\t\t<div class=\"elementor-container elementor-column-gap-default\">\n\t\t\t\t\t<div class=\"elementor-column elementor-col-100 elementor-top-column elementor-element elementor-element-9418ef0\" data-id=\"9418ef0\" data-element_type=\"column\" data-e-type=\"column\">\n\t\t\t<div class=\"elementor-widget-wrap elementor-element-populated\">\n\t\t\t\t\t\t<div class=\"elementor-element elementor-element-5535240 elementor-widget elementor-widget-text-editor\" data-id=\"5535240\" data-element_type=\"widget\" data-e-type=\"widget\" data-widget_type=\"text-editor.default\">\n\t\t\t\t<div class=\"elementor-widget-container\">\n\t\t\t\t\t\t\t\t\t<p><em><strong>From &amp; For Education<\/strong><\/em><\/p>\t\t\t\t\t\t\t\t<\/div>\n\t\t\t\t<\/div>\n\t\t\t\t\t<\/div>\n\t\t<\/div>\n\t\t\t\t\t<\/div>\n\t\t<\/section>\n\t\t\t\t<section class=\"elementor-section elementor-top-section elementor-element elementor-element-f504cfd elementor-section-boxed elementor-section-height-default elementor-section-height-default\" data-id=\"f504cfd\" data-element_type=\"section\" data-e-type=\"section\" data-settings=\"{&quot;background_background&quot;:&quot;classic&quot;}\">\n\t\t\t\t\t\t<div class=\"elementor-container elementor-column-gap-default\">\n\t\t\t\t\t<div class=\"elementor-column elementor-col-100 elementor-top-column elementor-element elementor-element-c27843a\" data-id=\"c27843a\" data-element_type=\"column\" data-e-type=\"column\">\n\t\t\t<div class=\"elementor-widget-wrap elementor-element-populated\">\n\t\t\t\t\t\t<section class=\"elementor-section elementor-inner-section elementor-element elementor-element-06a8666 elementor-section-boxed elementor-section-height-default elementor-section-height-default\" data-id=\"06a8666\" data-element_type=\"section\" data-e-type=\"section\">\n\t\t\t\t\t\t<div class=\"elementor-container elementor-column-gap-default\">\n\t\t\t\t\t<div class=\"elementor-column elementor-col-50 elementor-inner-column elementor-element elementor-element-b7d904e\" data-id=\"b7d904e\" data-element_type=\"column\" data-e-type=\"column\">\n\t\t\t<div class=\"elementor-widget-wrap elementor-element-populated\">\n\t\t\t\t\t\t<div class=\"elementor-element elementor-element-f226700 elementor-widget elementor-widget-image\" data-id=\"f226700\" data-element_type=\"widget\" data-e-type=\"widget\" data-widget_type=\"image.default\">\n\t\t\t\t<div class=\"elementor-widget-container\">\n\t\t\t\t\t\t\t\t\t\t\t\t\t\t\t<img decoding=\"async\" width=\"768\" height=\"1153\" src=\"https:\/\/the-campus.online\/wp-content\/uploads\/2024\/03\/ESA_Astronaut_Class_of_2022_Sara_Garcia_Alonso_article-768x1153.jpg\" class=\"attachment-medium_large size-medium_large wp-image-3865\" alt=\"\" srcset=\"https:\/\/the-campus.online\/wp-content\/uploads\/2024\/03\/ESA_Astronaut_Class_of_2022_Sara_Garcia_Alonso_article-768x1153.jpg 768w, https:\/\/the-campus.online\/wp-content\/uploads\/2024\/03\/ESA_Astronaut_Class_of_2022_Sara_Garcia_Alonso_article-200x300.jpg 200w, https:\/\/the-campus.online\/wp-content\/uploads\/2024\/03\/ESA_Astronaut_Class_of_2022_Sara_Garcia_Alonso_article-682x1024.jpg 682w, https:\/\/the-campus.online\/wp-content\/uploads\/2024\/03\/ESA_Astronaut_Class_of_2022_Sara_Garcia_Alonso_article.jpg 960w\" sizes=\"(max-width: 768px) 100vw, 768px\" \/>\t\t\t\t\t\t\t\t\t\t\t\t\t\t\t<\/div>\n\t\t\t\t<\/div>\n\t\t\t\t\t<\/div>\n\t\t<\/div>\n\t\t\t\t<div class=\"elementor-column elementor-col-50 elementor-inner-column elementor-element elementor-element-7dfcc4e\" data-id=\"7dfcc4e\" data-element_type=\"column\" data-e-type=\"column\">\n\t\t\t<div class=\"elementor-widget-wrap elementor-element-populated\">\n\t\t\t\t\t\t<div class=\"elementor-element elementor-element-86e7ac6 elementor-widget elementor-widget-text-editor\" data-id=\"86e7ac6\" data-element_type=\"widget\" data-e-type=\"widget\" data-widget_type=\"text-editor.default\">\n\t\t\t\t<div class=\"elementor-widget-container\">\n\t\t\t\t\t\t\t\t\t<h2>Sara Garc\u00eda Alonso<\/h2><div class=\"article__block\"><p>Sara se licenci\u00f3 en Biotecnolog\u00eda en 2012 y termin\u00f3 un m\u00e1ster en Investigaci\u00f3n Biom\u00e9dica y Biol\u00f3gica en 2013, ambos por la Universidad de Le\u00f3n. Fue galardonada con dos premios diferentes por su excelencia acad\u00e9mica.\u00a0<\/p><p>En 2018, se doctor\u00f3 en Biolog\u00eda Molecular del c\u00e1ncer e Investigaci\u00f3n Traslacional por la Universidad de Salamanca. Su doctorado recibi\u00f3 la calificaci\u00f3n de <i>cum laude<\/i>\u00a0y gan\u00f3 el premio extraordinario de doctorado por la Universidad de Salamanca en 2019.\u00a0<\/p><p>Sara habla espa\u00f1ol e ingl\u00e9s con fluidez y tiene conocimientos b\u00e1sicos de franc\u00e9s y portugu\u00e9s.\u00a0<\/p><\/div><div class=\"article__block\"><p>Como doctoranda, Sara trabaj\u00f3 como asistente de investigaci\u00f3n universitaria para el Consejo Superior de Investigaciones Cient\u00edficas de Espa\u00f1a realizando investigaciones sobre medicamentos contra el c\u00e1ncer.<\/p><p>Desde 2019, Sara ha desarrollado su labor como cient\u00edfica biom\u00e9dica avanzada en el Centro Nacional de Investigaciones Oncol\u00f3gicas (CNIO) de Espa\u00f1a liderando un proyecto sobre oncolog\u00eda experimental y descubrimiento de f\u00e1rmacos.<\/p><p>En 2021, particip\u00f3 en un programa ejecutivo de 6 meses sobre emprendimiento desde la ciencia y la tecnolog\u00eda con la IE Business School de Madrid.\u00a0<\/p><\/div><div class=\"article__block\"><p>En noviembre de 2022, Sara fue seleccionada como miembro de la Reserva de Astronautas de la ESA.<\/p><\/div>\t\t\t\t\t\t\t\t<\/div>\n\t\t\t\t<\/div>\n\t\t\t\t\t<\/div>\n\t\t<\/div>\n\t\t\t\t\t<\/div>\n\t\t<\/section>\n\t\t\t\t<div class=\"elementor-element elementor-element-7175ad2 elementor-widget elementor-widget-text-editor\" data-id=\"7175ad2\" data-element_type=\"widget\" data-e-type=\"widget\" data-widget_type=\"text-editor.default\">\n\t\t\t\t<div class=\"elementor-widget-container\">\n\t\t\t\t\t\t\t\t\t<p>Sara tambi\u00e9n trabaja activamente como voluntaria, colaborando con la Asociaci\u00f3n Espa\u00f1ola contra el C\u00e1ncer, y como organizadora de varios talleres cient\u00edficos y congresos para acad\u00e9micos y el p\u00fablico.\u00a0<\/p><p>Le gusta el buceo y est\u00e1 certificada como buceadora en aguas abiertas. Tambi\u00e9n practica el Krav Maga y el paracaidismo, y trabaja como entrenadora personal y asesora nutricional.\u00a0<\/p>\t\t\t\t\t\t\t\t<\/div>\n\t\t\t\t<\/div>\n\t\t\t\t\t<\/div>\n\t\t<\/div>\n\t\t\t\t\t<\/div>\n\t\t<\/section>\n\t\t\t\t<section class=\"elementor-section elementor-top-section elementor-element elementor-element-756500f elementor-section-boxed elementor-section-height-default elementor-section-height-default\" data-id=\"756500f\" data-element_type=\"section\" data-e-type=\"section\">\n\t\t\t\t\t\t<div class=\"elementor-container elementor-column-gap-default\">\n\t\t\t\t\t<div class=\"elementor-column elementor-col-100 elementor-top-column elementor-element elementor-element-e4437d4\" data-id=\"e4437d4\" data-element_type=\"column\" data-e-type=\"column\">\n\t\t\t<div class=\"elementor-widget-wrap elementor-element-populated\">\n\t\t\t\t\t\t<div class=\"elementor-element elementor-element-b6e4c4a elementor-align-center elementor-widget elementor-widget-button\" data-id=\"b6e4c4a\" data-element_type=\"widget\" data-e-type=\"widget\" data-widget_type=\"button.default\">\n\t\t\t\t<div class=\"elementor-widget-container\">\n\t\t\t\t\t\t\t\t\t<div class=\"elementor-button-wrapper\">\n\t\t\t\t\t<a class=\"elementor-button elementor-button-link elementor-size-lg\" href=\"https:\/\/www.abc.es\/content-local\/academica-myt-sara-garcia-alonso\/\" target=\"_blank\">\n\t\t\t\t\t\t<span class=\"elementor-button-content-wrapper\">\n\t\t\t\t\t\t\t\t\t<span class=\"elementor-button-text\">VER M\u00c1S INFORMACI\u00d3N DE LA JORNADA EN ABC<\/span>\n\t\t\t\t\t<\/span>\n\t\t\t\t\t<\/a>\n\t\t\t\t<\/div>\n\t\t\t\t\t\t\t\t<\/div>\n\t\t\t\t<\/div>\n\t\t\t\t<div class=\"elementor-element elementor-element-ebf912f elementor-widget elementor-widget-text-editor\" data-id=\"ebf912f\" data-element_type=\"widget\" data-e-type=\"widget\" data-widget_type=\"text-editor.default\">\n\t\t\t\t<div class=\"elementor-widget-container\">\n\t\t\t\t\t\t\t\t\t<h4>\u00daltima jornada de este curso escolar, seguida con gran inter\u00e9s por m\u00e1s de 150.000 alumnos.<\/h4><h4>\u00a1Un cierre \u00abestratosf\u00e9rico\u00bb de estas 3as. Jornadas! \u00a1Hasta el curso que viene!<\/h4>\t\t\t\t\t\t\t\t<\/div>\n\t\t\t\t<\/div>\n\t\t\t\t\t<\/div>\n\t\t<\/div>\n\t\t\t\t\t<\/div>\n\t\t<\/section>\n\t\t<!-- dce invisible element 2fc36cd -->\t\t<section class=\"elementor-section elementor-top-section elementor-element elementor-element-ba12958 elementor-section-boxed elementor-section-height-default elementor-section-height-default\" data-id=\"ba12958\" data-element_type=\"section\" data-e-type=\"section\" data-settings=\"{&quot;background_background&quot;:&quot;classic&quot;}\">\n\t\t\t\t\t\t<div class=\"elementor-container elementor-column-gap-default\">\n\t\t\t\t\t<div class=\"elementor-column elementor-col-100 elementor-top-column elementor-element elementor-element-e07f6a9\" data-id=\"e07f6a9\" data-element_type=\"column\" data-e-type=\"column\">\n\t\t\t<div class=\"elementor-widget-wrap elementor-element-populated\">\n\t\t\t\t\t\t<section class=\"elementor-section elementor-inner-section elementor-element elementor-element-55e1c61 elementor-section-boxed elementor-section-height-default elementor-section-height-default\" data-id=\"55e1c61\" data-element_type=\"section\" data-e-type=\"section\">\n\t\t\t\t\t\t<div class=\"elementor-container elementor-column-gap-default\">\n\t\t\t\t\t<div class=\"elementor-column elementor-col-100 elementor-inner-column elementor-element elementor-element-629cb3a\" data-id=\"629cb3a\" data-element_type=\"column\" data-e-type=\"column\">\n\t\t\t<div class=\"elementor-widget-wrap elementor-element-populated\">\n\t\t\t\t<!-- dce invisible element e4c5092 -->\t\t\t<\/div>\n\t\t<\/div>\n\t\t\t\t\t<\/div>\n\t\t<\/section>\n\t\t\t\t<section class=\"elementor-section elementor-inner-section elementor-element elementor-element-a3e2141 elementor-section-boxed elementor-section-height-default elementor-section-height-default\" data-id=\"a3e2141\" data-element_type=\"section\" data-e-type=\"section\">\n\t\t\t\t\t\t<div class=\"elementor-container elementor-column-gap-default\">\n\t\t\t\t\t<div class=\"elementor-column elementor-col-100 elementor-inner-column elementor-element elementor-element-6b35e68\" data-id=\"6b35e68\" data-element_type=\"column\" data-e-type=\"column\">\n\t\t\t<div class=\"elementor-widget-wrap\">\n\t\t\t\t\t\t\t<\/div>\n\t\t<\/div>\n\t\t\t\t\t<\/div>\n\t\t<\/section>\n\t\t\t\t<section class=\"elementor-section elementor-inner-section elementor-element elementor-element-e974c52 elementor-section-boxed elementor-section-height-default elementor-section-height-default\" data-id=\"e974c52\" data-element_type=\"section\" data-e-type=\"section\">\n\t\t\t\t\t\t<div class=\"elementor-container elementor-column-gap-default\">\n\t\t\t\t\t<div class=\"elementor-column elementor-col-100 elementor-inner-column elementor-element elementor-element-5320994\" data-id=\"5320994\" data-element_type=\"column\" data-e-type=\"column\">\n\t\t\t<div class=\"elementor-widget-wrap elementor-element-populated\">\n\t\t\t\t<!-- dce invisible element a7e46a3 -->\t\t\t<\/div>\n\t\t<\/div>\n\t\t\t\t\t<\/div>\n\t\t<\/section>\n\t\t\t\t\t<\/div>\n\t\t<\/div>\n\t\t\t\t\t<\/div>\n\t\t<\/section>\n\t\t\t\t<section class=\"elementor-section elementor-top-section elementor-element elementor-element-25fe3c5 elementor-section-boxed elementor-section-height-default elementor-section-height-default\" data-id=\"25fe3c5\" data-element_type=\"section\" data-e-type=\"section\" data-settings=\"{&quot;background_background&quot;:&quot;classic&quot;}\">\n\t\t\t\t\t\t<div class=\"elementor-container elementor-column-gap-default\">\n\t\t\t\t\t<div class=\"elementor-column elementor-col-100 elementor-top-column elementor-element elementor-element-4de1c18\" data-id=\"4de1c18\" data-element_type=\"column\" data-e-type=\"column\">\n\t\t\t<div class=\"elementor-widget-wrap elementor-element-populated\">\n\t\t\t\t\t\t<div class=\"elementor-element elementor-element-ca69294 elementor-widget elementor-widget-image\" data-id=\"ca69294\" data-element_type=\"widget\" data-e-type=\"widget\" data-widget_type=\"image.default\">\n\t\t\t\t<div class=\"elementor-widget-container\">\n\t\t\t\t\t\t\t\t\t\t\t\t\t\t\t\t<a href=\"https:\/\/the-campus.online\/en\/\" target=\"_blank\">\n\t\t\t\t\t\t\t<img decoding=\"async\" src=\"https:\/\/the-campus.online\/wp-content\/uploads\/2021\/03\/powered-by.png\" title=\"powered-by\" alt=\"powered-by\" loading=\"lazy\" \/>\t\t\t\t\t\t\t\t<\/a>\n\t\t\t\t\t\t\t\t\t\t\t\t\t\t\t<\/div>\n\t\t\t\t<\/div>\n\t\t\t\t\t<\/div>\n\t\t<\/div>\n\t\t\t\t\t<\/div>\n\t\t<\/section>\n\t\t\t\t<\/div>","protected":false},"excerpt":{"rendered":"<p>Meeting Your Future Jornadas Meeting Your Future Invitada: Sara Garc\u00eda Alonso Jueves 6 Junio 2024 a las 12 horas From &amp; For Education Sara Garc\u00eda Alonso Sara se licenci\u00f3 en Biotecnolog\u00eda en 2012 y termin\u00f3 un m\u00e1ster en Investigaci\u00f3n Biom\u00e9dica y Biol\u00f3gica en 2013, ambos por la Universidad de Le\u00f3n. Fue galardonada con dos premios [&hellip;]<\/p>\n","protected":false},"author":8,"featured_media":273,"parent":0,"menu_order":0,"comment_status":"closed","ping_status":"closed","template":"elementor_canvas","meta":{"om_disable_all_campaigns":false,"_monsterinsights_skip_tracking":false,"_monsterinsights_sitenote_active":false,"_monsterinsights_sitenote_note":"","_monsterinsights_sitenote_category":0,"footnotes":""},"class_list":["post-3855","page","type-page","status-publish","has-post-thumbnail","hentry"],"aioseo_notices":[],"_links":{"self":[{"href":"https:\/\/the-campus.online\/en\/wp-json\/wp\/v2\/pages\/3855","targetHints":{"allow":["GET"]}}],"collection":[{"href":"https:\/\/the-campus.online\/en\/wp-json\/wp\/v2\/pages"}],"about":[{"href":"https:\/\/the-campus.online\/en\/wp-json\/wp\/v2\/types\/page"}],"author":[{"embeddable":true,"href":"https:\/\/the-campus.online\/en\/wp-json\/wp\/v2\/users\/8"}],"replies":[{"embeddable":true,"href":"https:\/\/the-campus.online\/en\/wp-json\/wp\/v2\/comments?post=3855"}],"version-history":[{"count":79,"href":"https:\/\/the-campus.online\/en\/wp-json\/wp\/v2\/pages\/3855\/revisions"}],"predecessor-version":[{"id":4496,"href":"https:\/\/the-campus.online\/en\/wp-json\/wp\/v2\/pages\/3855\/revisions\/4496"}],"wp:featuredmedia":[{"embeddable":true,"href":"https:\/\/the-campus.online\/en\/wp-json\/wp\/v2\/media\/273"}],"wp:attachment":[{"href":"https:\/\/the-campus.online\/en\/wp-json\/wp\/v2\/media?parent=3855"}],"curies":[{"name":"wp","href":"https:\/\/api.w.org\/{rel}","templated":true}]}}