{"id":6469,"date":"2025-04-10T10:00:03","date_gmt":"2025-04-10T08:00:03","guid":{"rendered":"https:\/\/the-campus.online\/?page_id=6469"},"modified":"2025-05-16T12:53:09","modified_gmt":"2025-05-16T10:53:09","slug":"samuel-pimentel","status":"publish","type":"page","link":"https:\/\/the-campus.online\/en\/samuel-pimentel\/","title":{"rendered":"Samuel Pimentel"},"content":{"rendered":"<div data-elementor-type=\"wp-page\" data-elementor-id=\"6469\" class=\"elementor elementor-6469\" data-elementor-post-type=\"page\">\n\t\t\t\t\t\t<section class=\"elementor-section elementor-top-section elementor-element elementor-element-0d7585d elementor-section-boxed elementor-section-height-default elementor-section-height-default\" data-id=\"0d7585d\" data-element_type=\"section\" data-e-type=\"section\" data-settings=\"{&quot;background_background&quot;:&quot;classic&quot;}\">\n\t\t\t\t\t\t<div class=\"elementor-container elementor-column-gap-default\">\n\t\t\t\t\t<div class=\"elementor-column elementor-col-100 elementor-top-column elementor-element elementor-element-809111d\" data-id=\"809111d\" data-element_type=\"column\" data-e-type=\"column\">\n\t\t\t<div class=\"elementor-widget-wrap\">\n\t\t\t\t\t\t\t<\/div>\n\t\t<\/div>\n\t\t\t\t\t<\/div>\n\t\t<\/section>\n\t\t\t\t<section class=\"elementor-section elementor-top-section elementor-element elementor-element-92c17c2 elementor-section-full_width elementor-section-height-default elementor-section-height-default\" data-id=\"92c17c2\" data-element_type=\"section\" data-e-type=\"section\">\n\t\t\t\t\t\t<div class=\"elementor-container elementor-column-gap-default\">\n\t\t\t\t\t<div class=\"elementor-column elementor-col-100 elementor-top-column elementor-element elementor-element-e4c08c5\" data-id=\"e4c08c5\" data-element_type=\"column\" data-e-type=\"column\">\n\t\t\t<div class=\"elementor-widget-wrap elementor-element-populated\">\n\t\t\t\t\t\t<section class=\"elementor-section elementor-inner-section elementor-element elementor-element-c33fcd6 elementor-section-full_width elementor-section-height-default elementor-section-height-default\" data-id=\"c33fcd6\" data-element_type=\"section\" data-e-type=\"section\">\n\t\t\t\t\t\t<div class=\"elementor-container elementor-column-gap-default\">\n\t\t\t\t\t<div class=\"elementor-column elementor-col-33 elementor-inner-column elementor-element elementor-element-641f408\" data-id=\"641f408\" data-element_type=\"column\" data-e-type=\"column\">\n\t\t\t<div class=\"elementor-widget-wrap elementor-element-populated\">\n\t\t\t\t\t\t<div class=\"elementor-element elementor-element-2f38fb1 elementor-widget elementor-widget-text-editor\" data-id=\"2f38fb1\" data-element_type=\"widget\" data-e-type=\"widget\" data-widget_type=\"text-editor.default\">\n\t\t\t\t<div class=\"elementor-widget-container\">\n\t\t\t\t\t\t\t\t\t<p><span style=\"color: #2a564a;\"><a style=\"color: #2a564a;\" href=\"https:\/\/the-campus.online\/en\/jornadas-meeting-your-future-2024-2025\/\"><strong>Meeting Your Future<\/strong><\/a><\/span><\/p>\t\t\t\t\t\t\t\t<\/div>\n\t\t\t\t<\/div>\n\t\t\t\t\t<\/div>\n\t\t<\/div>\n\t\t\t\t<div class=\"elementor-column elementor-col-33 elementor-inner-column elementor-element elementor-element-8150759\" data-id=\"8150759\" data-element_type=\"column\" data-e-type=\"column\">\n\t\t\t<div class=\"elementor-widget-wrap\">\n\t\t\t\t\t\t\t<\/div>\n\t\t<\/div>\n\t\t\t\t<div class=\"elementor-column elementor-col-33 elementor-inner-column elementor-element elementor-element-5441bdf\" data-id=\"5441bdf\" data-element_type=\"column\" data-e-type=\"column\">\n\t\t\t<div class=\"elementor-widget-wrap\">\n\t\t\t\t\t\t\t<\/div>\n\t\t<\/div>\n\t\t\t\t\t<\/div>\n\t\t<\/section>\n\t\t\t\t\t<\/div>\n\t\t<\/div>\n\t\t\t\t\t<\/div>\n\t\t<\/section>\n\t\t\t\t<section class=\"elementor-section elementor-top-section elementor-element elementor-element-d0d94bb elementor-section-boxed elementor-section-height-default elementor-section-height-default\" data-id=\"d0d94bb\" data-element_type=\"section\" data-e-type=\"section\" data-settings=\"{&quot;background_background&quot;:&quot;classic&quot;}\">\n\t\t\t\t\t\t<div class=\"elementor-container elementor-column-gap-default\">\n\t\t\t\t\t<div class=\"elementor-column elementor-col-100 elementor-top-column elementor-element elementor-element-cbd70f2\" data-id=\"cbd70f2\" data-element_type=\"column\" data-e-type=\"column\">\n\t\t\t<div class=\"elementor-widget-wrap elementor-element-populated\">\n\t\t\t\t\t\t<section class=\"elementor-section elementor-inner-section elementor-element elementor-element-731f16d elementor-section-boxed elementor-section-height-default elementor-section-height-default\" data-id=\"731f16d\" data-element_type=\"section\" data-e-type=\"section\">\n\t\t\t\t\t\t<div class=\"elementor-container elementor-column-gap-default\">\n\t\t\t\t\t<div class=\"elementor-column elementor-col-100 elementor-inner-column elementor-element elementor-element-52950bd\" data-id=\"52950bd\" data-element_type=\"column\" data-e-type=\"column\">\n\t\t\t<div class=\"elementor-widget-wrap elementor-element-populated\">\n\t\t\t\t\t\t<div class=\"elementor-element elementor-element-01cec84 elementor-widget elementor-widget-heading\" data-id=\"01cec84\" data-element_type=\"widget\" data-e-type=\"widget\" data-widget_type=\"heading.default\">\n\t\t\t\t<div class=\"elementor-widget-container\">\n\t\t\t\t\t<h4 class=\"elementor-heading-title elementor-size-medium\">Jornadas Meeting Your Future<br><\/h4>\t\t\t\t<\/div>\n\t\t\t\t<\/div>\n\t\t\t\t\t<\/div>\n\t\t<\/div>\n\t\t\t\t\t<\/div>\n\t\t<\/section>\n\t\t\t\t<div class=\"elementor-element elementor-element-d0f946b elementor-widget-divider--view-line elementor-widget elementor-widget-divider\" data-id=\"d0f946b\" data-element_type=\"widget\" data-e-type=\"widget\" data-widget_type=\"divider.default\">\n\t\t\t\t<div class=\"elementor-widget-container\">\n\t\t\t\t\t\t\t<div class=\"elementor-divider\">\n\t\t\t<span class=\"elementor-divider-separator\">\n\t\t\t\t\t\t<\/span>\n\t\t<\/div>\n\t\t\t\t\t\t<\/div>\n\t\t\t\t<\/div>\n\t\t\t\t<section class=\"elementor-section elementor-inner-section elementor-element elementor-element-123b88a elementor-section-boxed elementor-section-height-default elementor-section-height-default\" data-id=\"123b88a\" data-element_type=\"section\" data-e-type=\"section\">\n\t\t\t\t\t\t<div class=\"elementor-container elementor-column-gap-default\">\n\t\t\t\t\t<div class=\"elementor-column elementor-col-100 elementor-inner-column elementor-element elementor-element-efbb585\" data-id=\"efbb585\" data-element_type=\"column\" data-e-type=\"column\">\n\t\t\t<div class=\"elementor-widget-wrap elementor-element-populated\">\n\t\t\t\t\t\t<div class=\"elementor-element elementor-element-d7129a5 elementor-widget elementor-widget-text-editor\" data-id=\"d7129a5\" data-element_type=\"widget\" data-e-type=\"widget\" data-widget_type=\"text-editor.default\">\n\t\t\t\t<div class=\"elementor-widget-container\">\n\t\t\t\t\t\t\t\t\t<h1><strong>Invitado: Samuel Pimentel<\/strong><\/h1><p>Lunes 28 Abril 2025 a las 12 horas<\/p>\t\t\t\t\t\t\t\t<\/div>\n\t\t\t\t<\/div>\n\t\t\t\t\t<\/div>\n\t\t<\/div>\n\t\t\t\t\t<\/div>\n\t\t<\/section>\n\t\t\t\t\t<\/div>\n\t\t<\/div>\n\t\t\t\t\t<\/div>\n\t\t<\/section>\n\t\t\t\t<section class=\"elementor-section elementor-top-section elementor-element elementor-element-3127b14 elementor-section-content-middle elementor-section-boxed elementor-section-height-default elementor-section-height-default\" data-id=\"3127b14\" data-element_type=\"section\" data-e-type=\"section\">\n\t\t\t\t\t\t<div class=\"elementor-container elementor-column-gap-default\">\n\t\t\t\t\t<div class=\"elementor-column elementor-col-50 elementor-top-column elementor-element elementor-element-8883ab1\" data-id=\"8883ab1\" data-element_type=\"column\" data-e-type=\"column\">\n\t\t\t<div class=\"elementor-widget-wrap elementor-element-populated\">\n\t\t\t\t\t\t<div class=\"elementor-element elementor-element-33aeb31 elementor-widget elementor-widget-image\" data-id=\"33aeb31\" data-element_type=\"widget\" data-e-type=\"widget\" data-widget_type=\"image.default\">\n\t\t\t\t<div class=\"elementor-widget-container\">\n\t\t\t\t\t\t\t\t\t\t\t\t\t\t\t<img fetchpriority=\"high\" decoding=\"async\" width=\"400\" height=\"156\" src=\"https:\/\/the-campus.online\/wp-content\/uploads\/2021\/04\/Logo-AIS_fondo-verde.png\" class=\"attachment-full size-full wp-image-478\" alt=\"\" srcset=\"https:\/\/the-campus.online\/wp-content\/uploads\/2021\/04\/Logo-AIS_fondo-verde.png 400w, https:\/\/the-campus.online\/wp-content\/uploads\/2021\/04\/Logo-AIS_fondo-verde-300x117.png 300w\" sizes=\"(max-width: 400px) 100vw, 400px\" \/>\t\t\t\t\t\t\t\t\t\t\t\t\t\t\t<\/div>\n\t\t\t\t<\/div>\n\t\t\t\t\t<\/div>\n\t\t<\/div>\n\t\t\t\t<div class=\"elementor-column elementor-col-50 elementor-top-column elementor-element elementor-element-3235e51\" data-id=\"3235e51\" data-element_type=\"column\" data-e-type=\"column\">\n\t\t\t<div class=\"elementor-widget-wrap elementor-element-populated\">\n\t\t\t\t\t\t<div class=\"elementor-element elementor-element-4b41ce9 elementor-widget elementor-widget-image\" data-id=\"4b41ce9\" data-element_type=\"widget\" data-e-type=\"widget\" data-widget_type=\"image.default\">\n\t\t\t\t<div class=\"elementor-widget-container\">\n\t\t\t\t\t\t\t\t\t\t\t\t\t\t\t<img decoding=\"async\" width=\"400\" height=\"154\" src=\"https:\/\/the-campus.online\/wp-content\/uploads\/2021\/04\/Logo-ABC.png\" class=\"attachment-full size-full wp-image-477\" alt=\"\" srcset=\"https:\/\/the-campus.online\/wp-content\/uploads\/2021\/04\/Logo-ABC.png 400w, https:\/\/the-campus.online\/wp-content\/uploads\/2021\/04\/Logo-ABC-300x116.png 300w\" sizes=\"(max-width: 400px) 100vw, 400px\" \/>\t\t\t\t\t\t\t\t\t\t\t\t\t\t\t<\/div>\n\t\t\t\t<\/div>\n\t\t\t\t\t<\/div>\n\t\t<\/div>\n\t\t\t\t\t<\/div>\n\t\t<\/section>\n\t\t\t\t<section class=\"elementor-section elementor-top-section elementor-element elementor-element-88a102c elementor-section-boxed elementor-section-height-default elementor-section-height-default\" data-id=\"88a102c\" data-element_type=\"section\" data-e-type=\"section\">\n\t\t\t\t\t\t<div class=\"elementor-container elementor-column-gap-default\">\n\t\t\t\t\t<div class=\"elementor-column elementor-col-100 elementor-top-column elementor-element elementor-element-9418ef0\" data-id=\"9418ef0\" data-element_type=\"column\" data-e-type=\"column\">\n\t\t\t<div class=\"elementor-widget-wrap elementor-element-populated\">\n\t\t\t\t\t\t<div class=\"elementor-element elementor-element-5535240 elementor-widget elementor-widget-text-editor\" data-id=\"5535240\" data-element_type=\"widget\" data-e-type=\"widget\" data-widget_type=\"text-editor.default\">\n\t\t\t\t<div class=\"elementor-widget-container\">\n\t\t\t\t\t\t\t\t\t<p><em><strong>From &amp; For Education<\/strong><\/em><\/p>\t\t\t\t\t\t\t\t<\/div>\n\t\t\t\t<\/div>\n\t\t\t\t\t<\/div>\n\t\t<\/div>\n\t\t\t\t\t<\/div>\n\t\t<\/section>\n\t\t\t\t<section class=\"elementor-section elementor-top-section elementor-element elementor-element-f504cfd elementor-section-boxed elementor-section-height-default elementor-section-height-default\" data-id=\"f504cfd\" data-element_type=\"section\" data-e-type=\"section\" data-settings=\"{&quot;background_background&quot;:&quot;classic&quot;}\">\n\t\t\t\t\t\t<div class=\"elementor-container elementor-column-gap-default\">\n\t\t\t\t\t<div class=\"elementor-column elementor-col-100 elementor-top-column elementor-element elementor-element-c27843a\" data-id=\"c27843a\" data-element_type=\"column\" data-e-type=\"column\">\n\t\t\t<div class=\"elementor-widget-wrap elementor-element-populated\">\n\t\t\t\t\t\t<section class=\"elementor-section elementor-inner-section elementor-element elementor-element-06a8666 elementor-section-boxed elementor-section-height-default elementor-section-height-default\" data-id=\"06a8666\" data-element_type=\"section\" data-e-type=\"section\">\n\t\t\t\t\t\t<div class=\"elementor-container elementor-column-gap-default\">\n\t\t\t\t\t<div class=\"elementor-column elementor-col-50 elementor-inner-column elementor-element elementor-element-b7d904e\" data-id=\"b7d904e\" data-element_type=\"column\" data-e-type=\"column\">\n\t\t\t<div class=\"elementor-widget-wrap elementor-element-populated\">\n\t\t\t\t\t\t<div class=\"elementor-element elementor-element-f226700 elementor-widget elementor-widget-image\" data-id=\"f226700\" data-element_type=\"widget\" data-e-type=\"widget\" data-widget_type=\"image.default\">\n\t\t\t\t<div class=\"elementor-widget-container\">\n\t\t\t\t\t\t\t\t\t\t\t\t\t\t\t<img decoding=\"async\" width=\"274\" height=\"300\" src=\"https:\/\/the-campus.online\/wp-content\/uploads\/2025\/04\/Samuel-Pimentel-2.jpg\" class=\"attachment-large size-large wp-image-6471\" alt=\"\" \/>\t\t\t\t\t\t\t\t\t\t\t\t\t\t\t<\/div>\n\t\t\t\t<\/div>\n\t\t\t\t\t<\/div>\n\t\t<\/div>\n\t\t\t\t<div class=\"elementor-column elementor-col-50 elementor-inner-column elementor-element elementor-element-7dfcc4e\" data-id=\"7dfcc4e\" data-element_type=\"column\" data-e-type=\"column\">\n\t\t\t<div class=\"elementor-widget-wrap elementor-element-populated\">\n\t\t\t\t\t\t<div class=\"elementor-element elementor-element-86e7ac6 elementor-widget elementor-widget-text-editor\" data-id=\"86e7ac6\" data-element_type=\"widget\" data-e-type=\"widget\" data-widget_type=\"text-editor.default\">\n\t\t\t\t<div class=\"elementor-widget-container\">\n\t\t\t\t\t\t\t\t\t<blockquote><div dir=\"ltr\"><div><blockquote class=\"\"><div class=\"\"><div class=\"\" dir=\"ltr\"><h2><strong>SAMUEL PIMENTEL<\/strong><\/h2><\/div><\/div><\/blockquote><\/div><\/div><\/blockquote><p class=\"p1\"><b>De Badajoz a Harvard: el talento no tiene fronteras.<\/b><\/p><p class=\"p1\">Desde sus or\u00edgenes en Badajoz hasta Harvard, pasando por IESE, Esade y una brillante carrera internacional, <b>Samuel Pimentel<\/b> ha recorrido el mundo sin perder de vista sus ra\u00edces. Hoy es presidente de <b>Ackermann<\/b>, una firma global de talento directivo con presencia en Europa, Am\u00e9rica y Asia. Licenciado en Econom\u00eda y Filolog\u00eda por la Universidad Complutense, Samuel ha sabido compaginar el aprendizaje acad\u00e9mico con una profunda sensibilidad hacia el desarrollo humano y profesional. En esta charla, compartir\u00e1 con los alumnos c\u00f3mo ha sido su recorrido personal y profesional, los aprendizajes clave, y qu\u00e9 competencias buscan hoy las empresas en los l\u00edderes del futuro. Una oportunidad excepcional para que los j\u00f3venes descubran c\u00f3mo convertir su curiosidad y talento en un camino con impacto.<\/p><p class=\"p1\"><b>Su historia es una invitaci\u00f3n a so\u00f1ar en grande y a actuar con prop\u00f3sito.<\/b><\/p>\t\t\t\t\t\t\t\t<\/div>\n\t\t\t\t<\/div>\n\t\t\t\t\t<\/div>\n\t\t<\/div>\n\t\t\t\t\t<\/div>\n\t\t<\/section>\n\t\t\t\t\t<\/div>\n\t\t<\/div>\n\t\t\t\t\t<\/div>\n\t\t<\/section>\n\t\t\t\t<section class=\"elementor-section elementor-top-section elementor-element elementor-element-756500f elementor-section-boxed elementor-section-height-default elementor-section-height-default\" data-id=\"756500f\" data-element_type=\"section\" data-e-type=\"section\">\n\t\t\t\t\t\t<div class=\"elementor-container elementor-column-gap-default\">\n\t\t\t\t\t<div class=\"elementor-column elementor-col-100 elementor-top-column elementor-element elementor-element-e4437d4\" data-id=\"e4437d4\" data-element_type=\"column\" data-e-type=\"column\">\n\t\t\t<div class=\"elementor-widget-wrap elementor-element-populated\">\n\t\t\t\t\t\t<div class=\"elementor-element elementor-element-b6e4c4a elementor-align-center elementor-widget elementor-widget-button\" data-id=\"b6e4c4a\" data-element_type=\"widget\" data-e-type=\"widget\" data-widget_type=\"button.default\">\n\t\t\t\t<div class=\"elementor-widget-container\">\n\t\t\t\t\t\t\t\t\t<div class=\"elementor-button-wrapper\">\n\t\t\t\t\t<a class=\"elementor-button elementor-button-link elementor-size-lg\" href=\"https:\/\/www.abc.es\/content-local\/academica-meeting-your-future-samuel-pimentel\/\" target=\"_blank\">\n\t\t\t\t\t\t<span class=\"elementor-button-content-wrapper\">\n\t\t\t\t\t\t\t\t\t<span class=\"elementor-button-text\">VER M\u00c1S INFORMACI\u00d3N DE LA JORNADA EN ABC<\/span>\n\t\t\t\t\t<\/span>\n\t\t\t\t\t<\/a>\n\t\t\t\t<\/div>\n\t\t\t\t\t\t\t\t<\/div>\n\t\t\t\t<\/div>\n\t\t\t\t<div class=\"elementor-element elementor-element-ebf912f elementor-widget elementor-widget-text-editor\" data-id=\"ebf912f\" data-element_type=\"widget\" data-e-type=\"widget\" data-widget_type=\"text-editor.default\">\n\t\t\t\t<div class=\"elementor-widget-container\">\n\t\t\t\t\t\t\t\t\t<h4 class=\"p1\">Otra jornada m\u00e1s de este curso escolar en el 4\u00ba a\u00f1o consecutivo de <i>Meeting Your Future<\/i>, con una participaci\u00f3n incre\u00edble: alumnos del Colegio Santa Mar\u00eda de la Hispanidad de Madrid presencialmente y m\u00e1s de <b>80.000 alumnos<\/b> de toda Espa\u00f1a conectados.<\/h4><h4>\u00a1Seguimos inspirando el futuro!<\/h4>\t\t\t\t\t\t\t\t<\/div>\n\t\t\t\t<\/div>\n\t\t\t\t\t<\/div>\n\t\t<\/div>\n\t\t\t\t\t<\/div>\n\t\t<\/section>\n\t\t<!-- dce invisible element 2fc36cd --><!-- dce invisible element ba12958 -->\t\t<section class=\"elementor-section elementor-top-section elementor-element elementor-element-25fe3c5 elementor-section-boxed elementor-section-height-default elementor-section-height-default\" data-id=\"25fe3c5\" data-element_type=\"section\" data-e-type=\"section\" data-settings=\"{&quot;background_background&quot;:&quot;classic&quot;}\">\n\t\t\t\t\t\t<div class=\"elementor-container elementor-column-gap-default\">\n\t\t\t\t\t<div class=\"elementor-column elementor-col-100 elementor-top-column elementor-element elementor-element-4de1c18\" data-id=\"4de1c18\" data-element_type=\"column\" data-e-type=\"column\">\n\t\t\t<div class=\"elementor-widget-wrap elementor-element-populated\">\n\t\t\t\t\t\t<div class=\"elementor-element elementor-element-ca69294 elementor-widget elementor-widget-image\" data-id=\"ca69294\" data-element_type=\"widget\" data-e-type=\"widget\" data-widget_type=\"image.default\">\n\t\t\t\t<div class=\"elementor-widget-container\">\n\t\t\t\t\t\t\t\t\t\t\t\t\t\t\t\t<a href=\"https:\/\/the-campus.online\/en\/\" target=\"_blank\">\n\t\t\t\t\t\t\t<img decoding=\"async\" src=\"https:\/\/the-campus.online\/wp-content\/uploads\/2021\/03\/powered-by.png\" title=\"powered-by\" alt=\"powered-by\" loading=\"lazy\" \/>\t\t\t\t\t\t\t\t<\/a>\n\t\t\t\t\t\t\t\t\t\t\t\t\t\t\t<\/div>\n\t\t\t\t<\/div>\n\t\t\t\t\t<\/div>\n\t\t<\/div>\n\t\t\t\t\t<\/div>\n\t\t<\/section>\n\t\t\t\t<\/div>","protected":false},"excerpt":{"rendered":"<p>Meeting Your Future Jornadas Meeting Your Future Invitado: Samuel Pimentel Lunes 28 Abril 2025 a las 12 horas From &amp; For Education SAMUEL PIMENTEL De Badajoz a Harvard: el talento no tiene fronteras. Desde sus or\u00edgenes en Badajoz hasta Harvard, pasando por IESE, Esade y una brillante carrera internacional, Samuel Pimentel ha recorrido el mundo [&hellip;]<\/p>\n","protected":false},"author":8,"featured_media":273,"parent":0,"menu_order":0,"comment_status":"closed","ping_status":"closed","template":"elementor_canvas","meta":{"om_disable_all_campaigns":false,"_monsterinsights_skip_tracking":false,"_monsterinsights_sitenote_active":false,"_monsterinsights_sitenote_note":"","_monsterinsights_sitenote_category":0,"footnotes":""},"class_list":["post-6469","page","type-page","status-publish","has-post-thumbnail","hentry"],"aioseo_notices":[],"_links":{"self":[{"href":"https:\/\/the-campus.online\/en\/wp-json\/wp\/v2\/pages\/6469","targetHints":{"allow":["GET"]}}],"collection":[{"href":"https:\/\/the-campus.online\/en\/wp-json\/wp\/v2\/pages"}],"about":[{"href":"https:\/\/the-campus.online\/en\/wp-json\/wp\/v2\/types\/page"}],"author":[{"embeddable":true,"href":"https:\/\/the-campus.online\/en\/wp-json\/wp\/v2\/users\/8"}],"replies":[{"embeddable":true,"href":"https:\/\/the-campus.online\/en\/wp-json\/wp\/v2\/comments?post=6469"}],"version-history":[{"count":33,"href":"https:\/\/the-campus.online\/en\/wp-json\/wp\/v2\/pages\/6469\/revisions"}],"predecessor-version":[{"id":6633,"href":"https:\/\/the-campus.online\/en\/wp-json\/wp\/v2\/pages\/6469\/revisions\/6633"}],"wp:featuredmedia":[{"embeddable":true,"href":"https:\/\/the-campus.online\/en\/wp-json\/wp\/v2\/media\/273"}],"wp:attachment":[{"href":"https:\/\/the-campus.online\/en\/wp-json\/wp\/v2\/media?parent=6469"}],"curies":[{"name":"wp","href":"https:\/\/api.w.org\/{rel}","templated":true}]}}